


{"id":3403,"date":"2017-07-18T10:40:00","date_gmt":"2017-07-18T08:40:00","guid":{"rendered":"http:\/\/www.networkgtc.it\/?page_id=3403"},"modified":"2021-02-09T16:45:35","modified_gmt":"2021-02-09T15:45:35","slug":"informativa-privacy","status":"publish","type":"page","link":"https:\/\/www.networkgtc.it\/en\/informativa-privacy\/","title":{"rendered":"informativa privacy"},"content":{"rendered":"<p><strong>INFORMATIVA<\/strong><\/p>\n<p>Art. 13 del Regolamento (UE) 2016\/679 del Parlamento europeo e del Consiglio del 27 aprile 2016<br \/>\n&#8220;REGOLAMENTO GENERALE SULLA PROTEZIONE DEI DATI&#8221;<\/p>\n<p>Art. 13 del D.Lgs. 30 giugno 2003, n. 196<br \/>\n&#8220;CODICE IN MATERIA DI PROTEZIONE DEI DATI PERSONALI&#8221;<\/p>\n<p>Lo scopo dell&#8217;informativa privacy \u00e8 di fornire la massima trasparenza relativamente alle informazioni che il sito raccoglie e come le usa.<\/p>\n<p>In ottemperanza degli obblighi derivanti dalla normativa nazionale (D. Lgs 30 giugno 2003 n. 196, Codice in materia di protezione dei dati personali, e successive modifiche) e europea (Regolamento europeo per la protezione dei dati personali n. 679\/2016, GDPR), il presente sito rispetta e tutela la riservatezza dei visitatori e degli utenti, ponendo in essere ogni sforzo possibile e proporzionato per non ledere i diritti degli utenti.<\/p>\n<p>Tuttavia\u00a0<strong>il presente sito pone in essere ogni sforzo possibile per tutelare la privacy degli utenti e minimizzare la raccolta dei dati personali<\/strong>. Il sito usa anche\u00a0<strong>plugin sociali<\/strong>\u00a0per semplificare la condivisione degli articoli sui social network. Tali plugin sono configurati in modo che inviino cookie (e quindi eventualmente raccolgano dati) solo dopo che l&#8217;utente ha cliccato sul plugin.<\/p>\n<p><strong>Contatti del Titolare del Trattamento e del Responsabile della Protezione dei Dati<\/strong><br \/>\n[Art. 13, par. 1, lett. a) e b) del Regolamento (UE) 2016\/679 e Art. 13, comma 1, lett. f) del Art. 13 del D.Lgs. 30 giugno 2003, n. 196]<\/p>\n<p>Il Titolare del Trattamento \u00e8 \u00a0Network GTC, con sede legale in Via Fiorignano, n. 29 \u2013 84091 Battipaglia (SA), Italia &#8211; 39 0828 672857 \u00b7 +39 0828 1898111<\/p>\n<p>L\u2019Interessato pu\u00f2 contattare direttamente il Titolare del Trattamento e il Responsabile della Protezione dei Dati all\u2019indirizzo e-mail:\u00a0privacy@networkgtc.it<\/p>\n<p><strong>Finalit\u00e0<\/strong><br \/>\n[Art. 13, par. 1, lett. c) del Regolamento (UE) 2016\/679 e Art. 13, comma 1, lett. a) del Art. 13 del D.Lgs. 30 giugno 2003, n. 196]<\/p>\n<p>I dati sono trattati esclusivamente per le seguenti finalit\u00e0:<\/p>\n<ol>\n<li>Distribuzione di corsi, software, servizi e dati: attivit\u00e0 precontrattuali, contrattuali e fiscali necessarie ad istaurare rapporti commerciali a titolo oneroso e non tra Titolare e Interessato.<\/li>\n<li>Supporto all&#8217;uso di corsi, piattaforme software, servizi e dati: attivit\u00e0 di supporto del Titolare all&#8217;Interessato per l&#8217;uso, il funzionamento e il miglioramento dei prodotti, servizi e dati.<\/li>\n<li>Marketing diretto su corsi, servizi, software e dati: attivit\u00e0 d&#8217;invio all&#8217;Interessato (mediante e-mail, posta, sms, contatti telefonici, newsletter) di comunicazioni commerciali e\/o materiale pubblicitario su software, servizi e dati prodotti dal Titolare.<\/li>\n<\/ol>\n<p>Per il trattamento dei dati dell&#8217;interessato concernenti la finalit\u00e0 3) \u00e8 richiesto il consenso.<\/p>\n<p><strong>Base giuridica del trattamento<\/strong><\/p>\n<p>Il presente sito tratta i dati prevalentemente in base al\u00a0<strong>consenso<\/strong>\u00a0degli utenti. Il conferimento del consenso avviene tramite il banner posto in fondo alla pagina, oppure tramite l\u2019uso o la consultazione del sito, quale comportamento concludente. Con l&#8217;uso o la consultazione del sito i visitatori e gli utenti approvano la presente informativa privacy e acconsentono al trattamento dei loro dati personali in relazione alle modalit\u00e0 e alle finalit\u00e0 di seguito descritte, compreso l&#8217;eventuale diffusione a terzi se necessaria per l&#8217;erogazione di un servizio.<\/p>\n<p>Tramite i moduli di comunicazione o di richiesta di servizi vengono raccolti ulteriori consensi relativi alla finalit\u00e0 specifica del servizio.<\/p>\n<p>Il conferimento dei dati e quindi il consenso alla raccolta e al trattamento dei dati \u00e8 facoltativo,\u00a0<strong>l&#8217;Utente pu\u00f2 negare il consenso, e pu\u00f2 revocare in qualsiasi momento un consenso gi\u00e0 fornito<\/strong>\u00a0(tramite il banner posto a fondo pagina o le impostazioni del browser per i cookie, o il link Contatti). Tuttavia negare il consenso pu\u00f2 comportare l&#8217;impossibilit\u00e0 di erogare alcuni servizi e l&#8217;esperienza di navigazione nel sito sarebbe compromessa.<\/p>\n<p>I\u00a0dati per la sicurezza del sito e per la prevenzione da abusi e SPAM, nonch\u00e9 i dati per l\u2019analisi del traffico del sito (statistica) in forma aggregata, sono trattati in base al\u00a0<strong>legittimo interesse<\/strong>\u00a0del Titolare del trattamento alla tutela del sito e degli utenti stessi. In tali casi l&#8217;utente ha sempre il diritto di opporsi al trattamento dei dati (vedi par.\u00a0<strong>Diritti dell&#8217;interessato<\/strong>).<\/p>\n<p>I dati forniti per consulenze o incarichi professionali sono trattati in base all&#8217;<strong>adempimento di un contratto e l&#8217;adempimento di un obbligo legale<\/strong>. In tali casi viene fornita apposita informativa.<\/p>\n<p>&nbsp;<\/p>\n<p><strong>Dati raccolti<\/strong><\/p>\n<p>Il presente sito raccoglie dati degli utenti in due modi.<\/p>\n<p>&#8211;\u00a0Dati raccolti in maniera automatizzata<br \/>\nDurante la navigazione degli Utenti possono essere raccolte le seguenti informazioni che vengono conservate nei file di log del server (hosting) del sito:<br \/>\n&#8211; indirizzo internet protocol (IP);<br \/>\n&#8211; tipo di browser;<br \/>\n&#8211; parametri del dispositivo usato per connettersi al sito;<br \/>\n&#8211; nome dell&#8217;internet service provider (ISP);<br \/>\n&#8211; data e orario di visita;<br \/>\n&#8211; pagina web di provenienza del visitatore (referral) e di uscita;<br \/>\n&#8211; eventualmente il numero di click.<\/p>\n<p>Questi dati sono utilizzati a fini di statistica e analisi, in forma esclusivamente aggregata. L\u2019indirizzo IP \u00e8 utilizzato esclusivamente a fini di sicurezza e non \u00e8 incrociato con nessun altro dato.<\/p>\n<p>&#8211;\u00a0Dati conferiti volontariamente<\/p>\n<p>Il sito pu\u00f2 raccogliere altri dati in caso di utilizzo volontario di servizi da parte degli utenti, quali servizi di commenti, di comunicazione (moduli per contatti, box commenti), e verranno utilizzati esclusivamente per l&#8217;erogazione del servizio richiesto:<br \/>\n&#8211; nome;<br \/>\n&#8211; indirizzo email;<br \/>\n&#8211; eventuali dati ulteriori inviati spontaneamente dall&#8217;utente.<\/p>\n<p><strong>Categorie di dati personali<\/strong><\/p>\n<p>I dati rilevati dal sito generalmente non vengono forniti a terzi, tranne che in casi specifici: legittima richiesta da parte dell\u2019autorit\u00e0 giudiziaria e nei soli casi previsti dalla legge; qualora sia necessario per la fornitura di uno specifico servizio richiesto dell&#8217;Utente; per l&#8217;esecuzione di controlli di sicurezza o di ottimizzazione del sito.<\/p>\n<p>Per il perseguimento della finalit\u00e0 di trattamento, i destinatari dei dati dell\u2019Interessato sono, oltre il Titolare e i suoi Incaricati, anche societ\u00e0 che forniscono servizi di pagamento, finanziari, fiscali, marketing, stampa, imbustamento e spedizioni. <strong>Trasferimento dei dati personali<\/strong><br \/>\n[Art. 13, par. 1, lett. f) del Regolamento (UE) 2016\/679 e Art. 13, comma 1, lett. d) del Art. 13 del D.Lgs. 30 giugno 2003, n. 196]<\/p>\n<p>Il Titolare, in nessun caso, effettua o effettuer\u00e0 trasferimenti dei dati degli interessati verso qualsiasi paese terzo o organizzazione internazionale non appartenente all&#8217;Unione Europea o allo Spazio Economico Europeo.<\/p>\n<p><strong>Periodo di conservazione dei dati personali<\/strong><br \/>\n[Art. 13, par. 2, lett. a) del Regolamento (UE) 2016\/679]<\/p>\n<p>I dati trattati sono conservati dal Titolare per il periodo ritenuto strettamente necessario a conseguire le finalit\u00e0 del trattamento. Inoltre, i dati trattati per le finalit\u00e0 1) e 2), potranno essere conservati per un periodo superiore, al fine di poter gestire eventuali controversie.<br \/>\nI dati trattati per la finalit\u00e0 di 3) saranno conservati dal Titolare dal momento in cui l\u2019interessato ha fornito il proprio consenso fino a che tale consenso non sar\u00e0 revocato.<\/p>\n<p><strong>Diritti<\/strong> <strong>dell&#8217;interessato<\/strong><br \/>\nAi sensi del Regolamento europeo 679\/2016 (GDPR) l&#8217;Utente pu\u00f2, secondo le modalit\u00e0 e nei limiti previsti dalla vigente normativa, esercitare i Seguenti diritti:<\/p>\n<p>&#8211; opporsi in tutto o in parte, per motivi legittimi al trattamento dei dati personali che lo riguardano ai fini di invio di materiale pubblicitario o di vendita diretta o per il compimento di ricerche di mercato o di comunicazione commerciale;<\/p>\n<p>&#8211; richiedere la conferma dell&#8217;esistenza di dati personali che lo riguardano (diritto di accesso);<\/p>\n<p>&#8211; conoscerne l&#8217;origine;<\/p>\n<p>&#8211; riceverne comunicazione intelligibile;<\/p>\n<p>&#8211; avere informazioni circa la logica, le modalit\u00e0 e le finalit\u00e0 del trattamento;<\/p>\n<p>&#8211; richiederne l&#8217;aggiornamento, la rettifica, l&#8217;integrazione, la cancellazione, la trasformazione in forma anonima, il blocco dei dati trattati in violazione di legge, ivi compresi quelli non pi\u00f9 necessari al perseguimento degli scopi per i quali sono stati raccolti;<\/p>\n<p>&#8211; nei casi di trattamento basato su consenso, ricevere al solo costo dell\u2019eventuale supporto, i suoi dati forniti al titolare, in forma strutturata e leggibile da un elaboratore di dati e in un formato comunemente usato da un dispositivo elettronico;<\/p>\n<p>&#8211; il diritto di presentare un reclamo all\u2019Autorit\u00e0 di controllo (Garante Privacy \u2013 <a href=\"https:\/\/www.garanteprivacy.it\/web\/guest\/home\/docweb\/-\/docweb-display\/docweb\/4535524\">link alla pagina\u00a0 del Garante<\/a>);<\/p>\n<p>&#8211; nonch\u00e9, pi\u00f9 in generale, esercitare tutti i diritti che gli sono riconosciuti dalle vigenti disposizioni di legge.<\/p>\n<p>&nbsp;<\/p>\n<p>Le richieste vanno rivolte al Titolare del trattamento. <strong>Obbligo di comunicazione dei dati personali<\/strong><br \/>\n[Art. 13, par. 2, lett. e) del Regolamento (UE) 2016\/679 e Art. 13, comma 1, lett. b) e c) del Art. 13 del D.Lgs. 30 giugno 2003, n. 196]<\/p>\n<p>Per il perseguimento delle finalit\u00e0 1) e 2) la comunicazione di dati personali \u00e8 un requisito necessario per svolgere le attivit\u00e0 previste per le finalit\u00e0 suddette.<\/p>\n<p><strong>Misure di sicurezza<\/strong><\/p>\n<p>Trattiamo i dati dei visitatori\/utenti in maniera lecita e corretta, adottando le opportune misure di sicurezza volte ad impedire accessi non autorizzati, divulgazione, modifica o distruzione non autorizzata dei dati.<\/p>\n<p>Ci impegniamo a tutelare la sicurezza dei tuoi dati personali durante il loro invio. Il trattamento viene effettuato mediante strumenti informatici e\/o telematici, con modalit\u00e0 organizzative e con logiche strettamente correlate alle finalit\u00e0 indicate. Oltre al Titolare, in alcuni casi, potrebbero avere accesso ai dati categorie di incaricati coinvolti nell\u2019organizzazione del sito ovvero soggetti esterni (come fornitori di servizi tecnici terzi, hosting provider).<\/p>\n<p><strong>INFORMATIVA sull&#8217;USO dei COOKIE<\/strong><\/p>\n<p>I Cookie sono stringhe di testo di piccole dimensioni che il sito visitato dall&#8217;interessato invia al suo terminale (solitamente al browser), dove vengono memorizzati per essere poi ritrasmessi allo stesso sito alla successiva visita del medesimo Interessato. Nel corso della navigazione su un sito, l&#8217;Interessato pu\u00f2 ricevere sul suo terminale anche cookie che vengono inviati da siti o da web server diversi (c.d. &#8220;terze parti&#8221;), sui quali possono risiedere alcuni elementi (quali, ad esempio, immagini, mappe, suoni, specifici link a pagine di altri domini) presenti sul sito che sta visitando.<\/p>\n<p><strong>Contatti dell&#8217;Editore<\/strong><\/p>\n<p>L&#8217;editore del sito \u00e8\u00a0Network GTC, con sede legale in Via Fiorignano, n. 29 \u2013 84091 Battipaglia (SA), Italia &#8211; 39 0828 672857 \u00b7 +39 0828 1898111<\/p>\n<p><strong>Cookie istallati dall&#8217;Editore<\/strong><\/p>\n<p>I cookie istallati dal gestore del sito (che pu\u00f2 essere sinteticamente indicato come &#8220;editore&#8221;) sono usati per la seguente finalit\u00e0:<\/p>\n<ol>\n<li><strong>Cookie tecnici<\/strong>. I Cookie di questa categoria sono utilizzati per garantire la normale navigazione e fruizione del sito web (permettendo, ad esempio, di realizzare un acquisto o autenticarsi per accedere ad aree riservate), raccogliere informazioni, in forma aggregata, sul numero degli utenti e su come questi visitano il sito stesso, permettere all&#8217;utente la navigazione in funzione di una serie di criteri selezionati (ad esempio, la lingua, i prodotti selezionati per l&#8217;acquisto) al fine di migliorare il servizio reso allo stesso.<\/li>\n<\/ol>\n<p>Per il perseguimento della finalit\u00e0 1) non \u00e8 necessario il consenso all&#8217;istallazione dei Cookie.<\/p>\n<p><strong>Cookie istallati da Terze Parti<\/strong><\/p>\n<p>Il sito consente l&#8217;istallazione di Cookie di terze parti che hanno una propria informativa sul trattamento dei dati personali\u00a0che pu\u00f2 essere diversa da quella adottata dall&#8217;Editore.<\/p>\n<ul>\n<li><strong>Google<\/strong>\u00a0(AdWords Remarketing\u00a0<a href=\"https:\/\/www.google.com\/settings\/ads\/onweb\/optout\">Opt Out<\/a>, DoubleClick for Publishers Audience\u00a0<a href=\"https:\/\/www.google.com\/settings\/ads\/onweb#display_optout\">Opt Out<\/a>, Estensione Display Advertisers per Google Analytics\u00a0<a href=\"https:\/\/tools.google.com\/dlpage\/gaoptout?hl=it\">Opt Out<\/a>, Google Analytics\u00a0<a href=\"https:\/\/tools.google.com\/dlpage\/gaoptout?hl=it\">Opt Out<\/a>, Pulsante +1 e widget sociali di Google+,\u00a0Google Tag Manager, Widget Google Maps, Google Fonts),\u00a0<a href=\"https:\/\/policies.google.com\/technologies\/ads?hl=it\">Privacy Policy<\/a><\/li>\n<li><strong>Facebook<\/strong>\u00a0(Facebook Custom Audience\u00a0<a href=\"https:\/\/www.aboutads.info\/choices\/\">Opt Out<\/a>, Facebook Remarketing\u00a0<a href=\"https:\/\/www.aboutads.info\/choices\/\">Opt Out<\/a>, Pulsante Mi Piace e widget sociali di Facebook, Monitoraggio conversioni di Facebook Ads),\u00a0<a href=\"https:\/\/www.facebook.com\/privacy\/explanation\">Privacy Policy<\/a><\/li>\n<li><strong>Twitter<\/strong>\u00a0(Pulsante Tweet e widget sociali di Twitter),\u00a0<a href=\"https:\/\/twitter.com\/privacy\">Privacy Policy<\/a><\/li>\n<li><strong>LinkedIn<\/strong>\u00a0(Pulsante e widget sociali di Linkedin),\u00a0<a href=\"https:\/\/www.linkedin.com\/legal\/privacy-policy\">Privacy Policy<\/a><\/li>\n<li><strong>Pinterest<\/strong>\u00a0(Pulsante &#8220;Pin it&#8221; e widget sociali di Pinterest),\u00a0<a href=\"https:\/\/about.pinterest.com\/en\/privacy-policy\">Privacy Policy<\/a><\/li>\n<li><strong>ActiveCampaign<\/strong>,\u00a0<a href=\"https:\/\/www.activecampaign.com\/privacy-policy\/\">Privacy Policy<\/a><\/li>\n<\/ul>\n<p><strong>Modifica delle impostazioni sui Cookie<\/strong><\/p>\n<p>L&#8217;utente pu\u00f2 opporsi all&#8217;istallazione dei cookie configurando il suo browser di navigazione. Di seguito riportiamo i link alle modalit\u00e0 offerte dai principali browser:<\/p>\n<ul>\n<li><a href=\"http:\/\/windows.microsoft.com\/it-it\/internet-explorer\/delete-manage-cookies\">Internet Explorer<\/a><\/li>\n<li><a href=\"http:\/\/support.google.com\/chrome\/answer\/95647?hl=it\">Chrome<\/a><\/li>\n<li><a href=\"http:\/\/support.mozilla.org\/it\/kb\/Gestione%20dei%20cookie\">Firefox<\/a><\/li>\n<li><a href=\"http:\/\/help.opera.com\/Windows\/10.00\/it\/cookies.html\">Opera<\/a><\/li>\n<li><a href=\"http:\/\/support.apple.com\/kb\/HT1677?viewlocale=it_IT\">Safari<\/a><\/li>\n<\/ul>\n<p>Dopo questa operazione, tuttavia, alcune funzioni delle pagine web potrebbero non essere eseguite correttamente.<\/p>\n","protected":false},"excerpt":{"rendered":"<p>INFORMATIVA Art. 13 del Regolamento (UE) 2016\/679 del Parlamento europeo e del Consiglio del 27 aprile 2016 &#8220;REGOLAMENTO GENERALE SULLA PROTEZIONE DEI DATI&#8221; Art. 13 del D.Lgs. 30 giugno 2003, n. 196 &#8220;CODICE IN MATERIA DI PROTEZIONE DEI DATI PERSONALI&#8221; Lo scopo dell&#8217;informativa privacy \u00e8 di fornire la massima trasparenza relativamente alle informazioni che il [&hellip;]<\/p>\n","protected":false},"author":573,"featured_media":0,"parent":0,"menu_order":0,"comment_status":"closed","ping_status":"closed","template":"","meta":{"_monsterinsights_skip_tracking":false,"_monsterinsights_sitenote_active":false,"_monsterinsights_sitenote_note":"","_monsterinsights_sitenote_category":0,"footnotes":""},"class_list":["post-3403","page","type-page","status-publish","hentry"],"translation":{"provider":"WPGlobus","version":"3.0.2","language":"en","enabled_languages":["it","en"],"languages":{"it":{"title":true,"content":true,"excerpt":false},"en":{"title":false,"content":false,"excerpt":false}}},"yoast_head":"<!-- This site is optimized with the Yoast SEO plugin v24.3 - https:\/\/yoast.com\/wordpress\/plugins\/seo\/ -->\n<title>informativa privacy &#8211; Network GTC<\/title>\n<meta name=\"robots\" content=\"index, follow, max-snippet:-1, max-image-preview:large, max-video-preview:-1\" \/>\n<link rel=\"canonical\" href=\"https:\/\/www.networkgtc.it\/informativa-privacy\/\" \/>\n<meta property=\"og:locale\" content=\"en_US\" \/>\n<meta property=\"og:type\" content=\"article\" \/>\n<meta property=\"og:title\" content=\"informativa privacy &#8211; Network GTC\" \/>\n<meta property=\"og:url\" content=\"https:\/\/www.networkgtc.it\/informativa-privacy\/\" \/>\n<meta property=\"og:site_name\" content=\"Network GTC\" \/>\n<meta property=\"article:publisher\" content=\"https:\/\/www.facebook.com\/NetworkGTC\/\" \/>\n<meta property=\"article:modified_time\" content=\"2021-02-09T15:45:35+00:00\" \/>\n<meta property=\"og:image\" content=\"https:\/\/www.networkgtc.it\/wp-content\/uploads\/2021\/01\/logogtc.jpg\" \/>\n\t<meta property=\"og:image:width\" content=\"601\" \/>\n\t<meta property=\"og:image:height\" content=\"188\" \/>\n\t<meta property=\"og:image:type\" content=\"image\/jpeg\" \/>\n<meta name=\"twitter:card\" content=\"summary_large_image\" \/>\n<meta name=\"twitter:site\" content=\"@NetworkGTC1\" \/>\n<meta name=\"twitter:label1\" content=\"Est. reading time\" \/>\n\t<meta name=\"twitter:data1\" content=\"9 minutes\" \/>\n<script type=\"application\/ld+json\" class=\"yoast-schema-graph\">{\"@context\":\"https:\/\/schema.org\",\"@graph\":[{\"@type\":\"WebPage\",\"@id\":\"https:\/\/www.networkgtc.it\/informativa-privacy\/\",\"url\":\"https:\/\/www.networkgtc.it\/informativa-privacy\/\",\"name\":\"informativa privacy &#8211; Network GTC\",\"isPartOf\":{\"@id\":\"https:\/\/www.networkgtc.it\/#website\"},\"datePublished\":\"2017-07-18T08:40:00+00:00\",\"dateModified\":\"2021-02-09T15:45:35+00:00\",\"description\":\"formazione, consulenza, privact, sicurezza, finanza agevolata, software, web agency, scuola, universit\u00e0 on line, polo ecampus.\",\"breadcrumb\":{\"@id\":\"https:\/\/www.networkgtc.it\/informativa-privacy\/#breadcrumb\"},\"inLanguage\":\"en-US\",\"potentialAction\":[{\"@type\":\"ReadAction\",\"target\":[\"https:\/\/www.networkgtc.it\/informativa-privacy\/\"]}]},{\"@type\":\"BreadcrumbList\",\"@id\":\"https:\/\/www.networkgtc.it\/informativa-privacy\/#breadcrumb\",\"itemListElement\":[{\"@type\":\"ListItem\",\"position\":1,\"name\":\"Home\",\"item\":\"https:\/\/www.networkgtc.it\/\"},{\"@type\":\"ListItem\",\"position\":2,\"name\":\"informativa privacy\"}]},{\"@type\":\"WebSite\",\"@id\":\"https:\/\/www.networkgtc.it\/#website\",\"url\":\"https:\/\/www.networkgtc.it\/\",\"name\":\"Network GTC\",\"description\":\"La Prima Rete Europea di Alta Professionalit\u00e0\",\"publisher\":{\"@id\":\"https:\/\/www.networkgtc.it\/#organization\"},\"potentialAction\":[{\"@type\":\"SearchAction\",\"target\":{\"@type\":\"EntryPoint\",\"urlTemplate\":\"https:\/\/www.networkgtc.it\/?s={search_term_string}\"},\"query-input\":{\"@type\":\"PropertyValueSpecification\",\"valueRequired\":true,\"valueName\":\"search_term_string\"}}],\"inLanguage\":\"en-US\"},{\"@type\":\"Organization\",\"@id\":\"https:\/\/www.networkgtc.it\/#organization\",\"name\":\"Network GTC\",\"url\":\"https:\/\/www.networkgtc.it\/\",\"logo\":{\"@type\":\"ImageObject\",\"inLanguage\":\"en-US\",\"@id\":\"https:\/\/www.networkgtc.it\/#\/schema\/logo\/image\/\",\"url\":\"https:\/\/www.networkgtc.it\/wp-content\/uploads\/2021\/01\/logogtc.jpg\",\"contentUrl\":\"https:\/\/www.networkgtc.it\/wp-content\/uploads\/2021\/01\/logogtc.jpg\",\"width\":601,\"height\":188,\"caption\":\"Network GTC\"},\"image\":{\"@id\":\"https:\/\/www.networkgtc.it\/#\/schema\/logo\/image\/\"},\"sameAs\":[\"https:\/\/www.facebook.com\/NetworkGTC\/\",\"https:\/\/x.com\/NetworkGTC1\",\"https:\/\/www.instagram.com\/formazionecampana\/\",\"https:\/\/www.linkedin.com\/in\/network-gtc-9ba8057b\/\",\"https:\/\/www.youtube.com\/channel\/UC12C5tC9WFzDS79bpUCxmVw\"]}]}<\/script>\n<!-- \/ Yoast SEO plugin. -->","yoast_head_json":{"title":"informativa privacy &#8211; Network GTC","robots":{"index":"index","follow":"follow","max-snippet":"max-snippet:-1","max-image-preview":"max-image-preview:large","max-video-preview":"max-video-preview:-1"},"canonical":"https:\/\/www.networkgtc.it\/informativa-privacy\/","og_locale":"en_US","og_type":"article","og_title":"informativa privacy &#8211; Network GTC","og_url":"https:\/\/www.networkgtc.it\/informativa-privacy\/","og_site_name":"Network GTC","article_publisher":"https:\/\/www.facebook.com\/NetworkGTC\/","article_modified_time":"2021-02-09T15:45:35+00:00","og_image":[{"width":601,"height":188,"url":"https:\/\/www.networkgtc.it\/wp-content\/uploads\/2021\/01\/logogtc.jpg","type":"image\/jpeg"}],"twitter_card":"summary_large_image","twitter_site":"@NetworkGTC1","twitter_misc":{"Est. reading time":"9 minutes"},"schema":{"@context":"https:\/\/schema.org","@graph":[{"@type":"WebPage","@id":"https:\/\/www.networkgtc.it\/informativa-privacy\/","url":"https:\/\/www.networkgtc.it\/informativa-privacy\/","name":"informativa privacy &#8211; Network GTC","isPartOf":{"@id":"https:\/\/www.networkgtc.it\/#website"},"datePublished":"2017-07-18T08:40:00+00:00","dateModified":"2021-02-09T15:45:35+00:00","description":"formazione, consulenza, privact, sicurezza, finanza agevolata, software, web agency, scuola, universit\u00e0 on line, polo ecampus.","breadcrumb":{"@id":"https:\/\/www.networkgtc.it\/informativa-privacy\/#breadcrumb"},"inLanguage":"en-US","potentialAction":[{"@type":"ReadAction","target":["https:\/\/www.networkgtc.it\/informativa-privacy\/"]}]},{"@type":"BreadcrumbList","@id":"https:\/\/www.networkgtc.it\/informativa-privacy\/#breadcrumb","itemListElement":[{"@type":"ListItem","position":1,"name":"Home","item":"https:\/\/www.networkgtc.it\/"},{"@type":"ListItem","position":2,"name":"informativa privacy"}]},{"@type":"WebSite","@id":"https:\/\/www.networkgtc.it\/#website","url":"https:\/\/www.networkgtc.it\/","name":"Network GTC","description":"La Prima Rete Europea di Alta Professionalit\u00e0","publisher":{"@id":"https:\/\/www.networkgtc.it\/#organization"},"potentialAction":[{"@type":"SearchAction","target":{"@type":"EntryPoint","urlTemplate":"https:\/\/www.networkgtc.it\/?s={search_term_string}"},"query-input":{"@type":"PropertyValueSpecification","valueRequired":true,"valueName":"search_term_string"}}],"inLanguage":"en-US"},{"@type":"Organization","@id":"https:\/\/www.networkgtc.it\/#organization","name":"Network GTC","url":"https:\/\/www.networkgtc.it\/","logo":{"@type":"ImageObject","inLanguage":"en-US","@id":"https:\/\/www.networkgtc.it\/#\/schema\/logo\/image\/","url":"https:\/\/www.networkgtc.it\/wp-content\/uploads\/2021\/01\/logogtc.jpg","contentUrl":"https:\/\/www.networkgtc.it\/wp-content\/uploads\/2021\/01\/logogtc.jpg","width":601,"height":188,"caption":"Network GTC"},"image":{"@id":"https:\/\/www.networkgtc.it\/#\/schema\/logo\/image\/"},"sameAs":["https:\/\/www.facebook.com\/NetworkGTC\/","https:\/\/x.com\/NetworkGTC1","https:\/\/www.instagram.com\/formazionecampana\/","https:\/\/www.linkedin.com\/in\/network-gtc-9ba8057b\/","https:\/\/www.youtube.com\/channel\/UC12C5tC9WFzDS79bpUCxmVw"]}]}},"_links":{"self":[{"href":"https:\/\/www.networkgtc.it\/en\/wp-json\/wp\/v2\/pages\/3403","targetHints":{"allow":["GET"]}}],"collection":[{"href":"https:\/\/www.networkgtc.it\/en\/wp-json\/wp\/v2\/pages"}],"about":[{"href":"https:\/\/www.networkgtc.it\/en\/wp-json\/wp\/v2\/types\/page"}],"author":[{"embeddable":true,"href":"https:\/\/www.networkgtc.it\/en\/wp-json\/wp\/v2\/users\/573"}],"replies":[{"embeddable":true,"href":"https:\/\/www.networkgtc.it\/en\/wp-json\/wp\/v2\/comments?post=3403"}],"version-history":[{"count":0,"href":"https:\/\/www.networkgtc.it\/en\/wp-json\/wp\/v2\/pages\/3403\/revisions"}],"wp:attachment":[{"href":"https:\/\/www.networkgtc.it\/en\/wp-json\/wp\/v2\/media?parent=3403"}],"curies":[{"name":"wp","href":"https:\/\/api.w.org\/{rel}","templated":true}]}}