


{"id":31700,"date":"2022-05-20T15:10:56","date_gmt":"2022-05-20T13:10:56","guid":{"rendered":"https:\/\/www.networkgtc.it\/?page_id=31700"},"modified":"2025-09-01T17:14:31","modified_gmt":"2025-09-01T15:14:31","slug":"fondi-paritetici-interprofessionali","status":"publish","type":"page","link":"https:\/\/www.networkgtc.it\/en\/fondi-paritetici-interprofessionali\/","title":{"rendered":"Fondi Paritetici Interprofessionali"},"content":{"rendered":"<div class=\"wpb-content-wrapper\"><p>[vc_row][vc_column][vc_column_text]Diamo uno sguardo ad uno strumento fondamentale e spesso trascurato dalle aziende, <strong>Fondi <\/strong><span> che possono essere utilizzati da tutte le aziende, di tutti i settori, per finanziare le attivit\u00e0 di formazione continua dei propri dipendenti. <\/span><\/p>\n<p>&nbsp;<\/p>\n<p>[vc_row_inner][vc_column_inner width=&#8221;1\/3&#8243;][vc_toggle title=&#8221;Cosa sono i Fondi Paritetici Interprofessionali? Quanti e quali sono?&#8221; el_id=&#8221;1546596915777-38a421f4-5323&#8243;]I Fondi Paritetici Interprofessionali sono organismi costituiti da parti sociali datoriali e sindacali di ciascun settore. Sono stati creati ufficialmente con la Legge n. 388\/2000, contenuta nella Legge Finanziaria del 2001, allo scopo di incentivare ed agevolare la formazione professionale dei lavoratori delle imprese italiane. Per poter beneficiare dei finanziamenti di un fondo paritetico Interprofessionale un\u2019azienda deve aderire al fondo stesso. I Fondi Interprofessionali attivi in Italia sono 20. Coprono ogni settore lavorativo e tipologia di CCNL. Scegliere un fondo piuttosto che un altro pu\u00f2 influire molto sulle risorse disponibili per la formazione. Il consiglio \u00e8 sempre quello di farsi aiutare dal proprio consulente del lavoro o da un ente attuatore accreditato.[\/vc_toggle][vc_toggle title=&#8221;Con quali risorse finanziano la formazione?&#8221; el_id=&#8221;1546596942257-07ea3216-229a&#8221;]La Legge 388\/2000 definisce che le aziende possano destinare ad un fondo interprofessionale lo 0,30% dei versamenti mensili dovuti all\u2019 INPS per ogni dipendente. Aderendo ad un fondo un\u2019impresa vi versa circa 40\u20ac all\u2019anno per ogni dipendente che sono rese disponibili per la loro formazione.[\/vc_toggle][vc_toggle title=&#8221;Se un\u2019azienda non versa a nessun fondo, trattiene i versamenti nelle proprie casse?&#8221; el_id=&#8221;1546597812242-29d14d0c-34c0&#8243;]Purtroppo i soldi non restano in azienda! Se non si destinano ad un fondo interprofessionale i contributi sono trattenuti dall&#8217;INPS e versati per il 50% al fondo di rotazione per la formazione professionale e per il restante 50% al fondo sociale per l&#8217;occupazione e la formazione. Aderire ad un fondo \u00e8 una possibilit\u00e0 per le aziende di recuperare parte dei contributi previdenziali obbligatoriamente versati e destinarli alla formazione dei propri lavoratori.[\/vc_toggle][vc_toggle title=&#8221;Quali categorie di lavoratori possono essere formate?&#8221; el_id=&#8221;1546597811364-83fab965-3d20&#8243;]Possono essere beneficiarie della formazione tutte le categorie di lavoratori soggetto al versamento del contributo dello 0,30%, secondo la Circolare INPS n. 140 del 14\/12\/2012, come di seguito dettagliato. Categorie di lavoratori ammessi:<br \/>\n\u2022 lavoratori dipendenti del settore privato;<br \/>\n\u2022 dirigenti<br \/>\n\u2022 quadri<br \/>\n\u2022 impiegati<br \/>\n\u2022 operai<br \/>\n\u2022 apprendisti<br \/>\n\u2022 soci lavoratori delle cooperative;<br \/>\n\u2022 operai agricoli;<br \/>\n\u2022 lavoratori di imprese municipalizzate ed ex Aziende di Stato;<br \/>\n\u2022 personale artistico, teatrale e cinematografico, con rapporto di lavoro subordinato.<\/p>\n<p>Categorie di lavoratori <strong>non ammessi:<br \/>\n<\/strong><br \/>\n\u2022 Lavoratori o soci retribuiti esclusivamente con partecipazione agli utili o al prodotto dell&#8217;azienda;<br \/>\n\u2022 Dipendenti delle Pubbliche Amministrazioni;<br \/>\n\u2022 Sacerdoti e religiosi.[\/vc_toggle][vc_toggle title=&#8221;Come posso calcolare quanto versa la mia azienda?&#8221; el_id=&#8221;1546597900157-d7634cb1-d075&#8243;]Il calcolo \u00e8 molto semplice, per ogni dipendente soggetto al versamento dello 0.30% (come riportato alla FAQ n. 4) l\u2019azienda versa al fondo interprofessionale a cui ha aderito circa 40 \u20ac all\u2019anno.[\/vc_toggle][\/vc_column_inner][vc_column_inner width=&#8221;1\/3&#8243;][vc_toggle title=&#8221;Quali sono le tipologie di finanziamento per la formazione?&#8221; el_id=&#8221;1546597894259-2fc18a9b-ca1f&#8221;]Le modalit\u00e0 con cui i fondi interprofessionali finanziano formazione gratuita sono:<br \/>\n1. <strong>Fondo di rotazione (Avvisi a bando)<\/strong>: sono dei bandi a cui si partecipa elaborando un progetto formativo per una singola impresa o un gruppo. Il progetto \u00e8 sottoposto ad una commissione valutatrice e se ottiene punteggio sufficiente viene approvato e finanziato. Le possibilit\u00e0 di ottenere finanziamento sono buone, ma non eccellenti. Molti dei fondi, qualora si ottenga un finanziamento sul fondo di rotazione, prelevano automaticamente risorse dal conto formazione aziendale.<br \/>\n2. <strong>Conto Formazione Aziendale<\/strong>: \u00e8 una modalit\u00e0 di accantonamento mirata per l\u2019azienda. Rende direttamente disponibile alle aziende i propri versamenti. Per poter usare le risorse del conto Formazione l\u2019azienda deve comunque elaborare un progetto formativo e sottoporlo al fondo. Le possibilit\u00e0 di ottenere finanziamento sono eccellenti, tuttavia non elimina l\u2019incombenza di elaborare un progetto formativo.<br \/>\n3. <strong>Conto Formazione di Gruppo o di Rete<\/strong>: \u00e8 la modalit\u00e0 pi\u00f9 snella per le singole imprese. Ciascuna di loro aderisce al conto aggregato e d\u00e0 mandato ad un \u201cEnte Attuatore\u201d o \u201cCapofila\u201d di occuparsi dell\u2019elaborazione dei progetti e delle pratiche burocratiche. Possibilit\u00e0 di finanziamento eccellenti, nessuna burocrazia per l\u2019azienda, avvio rapido dei corsi di formazione.<br \/>\n4. <strong>Voucher<\/strong>: sono modalit\u00e0 non molto comuni in cui l\u2019azienda invia un singolo lavoratore a frequentare un corso (generalmente contenuto nei cataloghi accreditati dal fondo). L\u2019azienda (con l\u2019aiuto di un Ente Attuatore) elabora una specifica richiesta, che deve essere preventivamente accettata dal fondo.[\/vc_toggle][vc_toggle title=&#8221;Quale \u00e8 la procedura per aderire ad un fondo?&#8221; el_id=&#8221;1546597893109-08699d6c-b70b&#8221;]Ogni azienda pu\u00f2 aderire ad un solo fondo. L\u2019adesione \u00e8 volontaria, revocabile e completamente gratuita. Si effettua attraverso la denuncia aziendale del FLUSSO<a href=\"https:\/\/www.inps.it\/nuovoportaleinps\/default.aspx\"> UNIEMENS<\/a> compilato periodicamente dall\u2019ufficio paghe o dal consulente del lavoro. Ad ogni fondo \u00e8 assegnato un codice che deve essere inserito nella sezione \u201cFondi Interprofessionali\u201d del modello Uniemens.[\/vc_toggle][vc_toggle title=&#8221;Quali sono i codici dei fondi da inserire nel Flusso Uniemens?&#8221; el_id=&#8221;1546597905994-695f38e6-0583&#8243;]La nascita di nuovi fondi paritetici e la cessazione di altri rendono la seguente tabella in continuo aggiornamento. Ad oggi questi sono i 18 fondi attivi in Italia ed i relativi codici di adesione:<\/p>\n<table style=\"border-collapse: collapse; width: 100%; height: 336px;\">\n<tbody>\n<tr style=\"height: 24px;\">\n<td style=\"width: 50%; height: 24px;\">FONDO INTERPROFESSIONALE<\/td>\n<td style=\"width: 50%; height: 24px;\">CODICE UNIEMENS<\/td>\n<\/tr>\n<tr style=\"height: 24px;\">\n<td style=\"width: 50%; height: 24px;\">Fon.Ar.Com<\/td>\n<td style=\"width: 50%; height: 24px;\">FARC<\/td>\n<\/tr>\n<tr style=\"height: 24px;\">\n<td style=\"width: 50%; height: 24px;\">Fondimpresa<\/td>\n<td style=\"width: 50%; height: 24px;\">FIMA<\/td>\n<\/tr>\n<tr style=\"height: 24px;\">\n<td style=\"width: 50%; height: 24px;\">Fon.Ter<\/td>\n<td style=\"width: 50%; height: 24px;\">FTUS<\/td>\n<\/tr>\n<tr style=\"height: 24px;\">\n<td style=\"width: 50%; height: 24px;\">Fon.Dir<\/td>\n<td style=\"width: 50%; height: 24px;\">FODIR<\/td>\n<\/tr>\n<tr style=\"height: 24px;\">\n<td style=\"width: 50%; height: 24px;\">Fondo For. Agri<\/td>\n<td style=\"width: 50%; height: 24px;\">FAGR<\/td>\n<\/tr>\n<tr style=\"height: 24px;\">\n<td style=\"width: 50%; height: 24px;\">Fondo PMI Confapi<\/td>\n<td style=\"width: 50%; height: 24px;\">FAPI<\/td>\n<\/tr>\n<tr style=\"height: 24px;\">\n<td style=\"width: 50%; height: 24px;\">Fondo Artigianato Formazione<\/td>\n<td style=\"width: 50%; height: 24px;\">FART<\/td>\n<\/tr>\n<tr style=\"height: 24px;\">\n<td style=\"width: 50%; height: 24px;\">Fondo Fondazienda<\/td>\n<td style=\"width: 50%; height: 24px;\">FAZI<\/td>\n<\/tr>\n<tr style=\"height: 24px;\">\n<td style=\"width: 50%; height: 24px;\">Fondo Banche e Assicurazioni<\/td>\n<td style=\"width: 50%; height: 24px;\">FBCA<\/td>\n<\/tr>\n<tr style=\"height: 24px;\">\n<td style=\"width: 50%; height: 24px;\">Fon.Coop<\/td>\n<td style=\"width: 50%; height: 24px;\">FCOP<\/td>\n<\/tr>\n<tr style=\"height: 24px;\">\n<td style=\"width: 50%; height: 24px;\">FonDirigenti<\/td>\n<td style=\"width: 50%; height: 24px;\">FDIR<\/td>\n<\/tr>\n<tr style=\"height: 24px;\">\n<td style=\"width: 50%; height: 24px;\">Fondo Dirigenti PMI<\/td>\n<td style=\"width: 50%; height: 24px;\">FDPI<\/td>\n<\/tr>\n<tr style=\"height: 24px;\">\n<td style=\"width: 50%; height: 24px;\">Fonditalia<\/td>\n<td style=\"width: 50%; height: 24px;\">FEMI<\/td>\n<\/tr>\n<tr style=\"height: 24px;\">\n<td style=\"width: 50%; height: 24px;\">Formazienda<\/td>\n<td style=\"width: 50%; height: 24px;\">FORM<\/td>\n<\/tr>\n<tr style=\"height: 24px;\">\n<td style=\"width: 50%; height: 24px;\">For. Te.<\/td>\n<td style=\"width: 50%; height: 24px;\">FITE<\/td>\n<\/tr>\n<tr style=\"height: 24px;\">\n<td style=\"width: 50%; height: 24px;\">Fondo Professioni<\/td>\n<td style=\"width: 50%; height: 24px;\">FPRO<\/td>\n<\/tr>\n<tr style=\"height: 24px;\">\n<td style=\"width: 50%; height: 24px;\">Fondo Enti Religiosi<\/td>\n<td style=\"width: 50%; height: 24px;\">FREL<\/td>\n<\/tr>\n<tr style=\"height: 24px;\">\n<td style=\"width: 50%; height: 24px;\">Fondo Formazione Servizi Pubblici<\/td>\n<td style=\"width: 50%; height: 24px;\">FPSI<\/td>\n<\/tr>\n<\/tbody>\n<\/table>\n<p>[\/vc_toggle][vc_toggle title=&#8221;Come posso verificare l&#8217;adesione della mia azienda?&#8221; el_id=&#8221;1546598169241-e10a2b41-1a9e&#8221;]Il modo pi\u00f9 semplice per verificare se la propria azienda aderisce ad un fondo \u00e8 attraverso il Cassetto Previdenziale aziendale contenuto nel sito dell\u2019INPS:<br \/>\n1. Accedendo ai \u201cServizi Online INPS\u201d (link), inserendo Codice Fiscale e password aziendale;<br \/>\n2. Selezionare \u201cCassetto Previdenziale\u201d &#8211;&gt; \u201cDati complementari\u201d &#8211;&gt; \u201cFondi Interprofessionali\u201d.<br \/>\n3. Se gi\u00e0 iscritti comparir\u00e0 il codice del fondo interprofessionale secondo la tabella sopra riportata. Se non compare il codice l\u2019azienda non aderisce a nessun fondo.<br \/>\nPer maggiore sicurezza potete stampare la pagina del cassetto previdenziale ed inviarcela. Vi forniremo assistenza e consulenza gratuita.[\/vc_toggle][vc_toggle title=&#8221;\u00c8 possibile spostarsi da un fondo all&#8217;altro?&#8221; el_id=&#8221;1546596944216-ef6ab58c-71f0&#8243;]Si. L\u2019adesione ai fondi \u00e8 libera e revocabile. La revoca e lo spostamento ad altro fondo si effettua attraverso la denuncia aziendale del FLUSSO UNIEMENS inserendo il codice \u201cREVO\u201d. Contestualmente \u00e8 possibile anche effettuare l\u2019adesione ad un nuovo fondo inserendo il codice del fondo prescelto. Qualora ci si sposti da un fondo all\u2019altro \u00e8 possibile trasferire il 70% dei versamenti maturati nel conto formazione aziendale, a patto che siano rispettati i seguenti requisiti:<br \/>\n\u2022 Non essere piccola o micro impresa (imprese autonome con meno di 50 dipendenti ed un fatturato o un bilancio totale annuale non superiore a 10 milioni di euro);<br \/>\n\u2022 Entro 120 gg dall\u2019adesione al nuovo fondo venga comunicata la revoca e la richiesta di \u201cportabilit\u00e0\u201d dei versamenti al fondo di provenienza;<br \/>\n\u2022 L\u2019importo da trasferire al nuovo fondo sia almeno 3.000 \u20ac[\/vc_toggle][\/vc_column_inner][vc_column_inner width=&#8221;1\/3&#8243;][vc_toggle title=&#8221;Quale tipo di formazione finanziano?&#8221; el_id=&#8221;1546597527950-4c09eb8b-8a09&#8243;]Non ci sono limitazioni sulla tipologia e l\u2019oggetto dei corsi. I progetti vengono elaborati sempre secondo le esigenze formative dell\u2019azienda proponente.[\/vc_toggle][vc_toggle title=&#8221;Viene finanziata la formazione obbligatoria per legge?&#8221; el_id=&#8221;1546600571620-503aa157-5793&#8243;]In linea di principio viene finanziata, seppur con alcune limitazioni. \u00c8 bene considerare che i finanziamenti dei fondi paritetici sono alimentati attraverso prelevamenti provenienti dalle buste paga dei lavoratori e dovrebbero essere impiegati per la loro professionalizzazione e l&#8217;aumento delle competenze. La cosa migliore da fare, qualora nei fabbisogni aziendali vi sia quello di organizzare formazione ex lege, \u00e8 unire corsi di formazione obbligatoria a corsi tecnico professionalizzanti per i lavoratori, dando a questa ultima maggiore importanza in termini di ore e risorse.[\/vc_toggle][vc_toggle title=&#8221;Quali modalit\u00e0 formative sono ammesse?&#8221; el_id=&#8221;1546600572884-2a4bf923-9f18&#8243;]Sono ammesse modalit\u00e0 formative in aula, online, in affiancamento, coaching individuale e di gruppo. Alcuni fondi pongono dei limiti alle ore totali realizzabili online o, pi\u00f9 in generale, con la formazione a distanza (FAD). Le piattaforme informatiche attraverso le quali viene erogata la formazione a distanza devono rispettare i principi di conformit\u00e0 a quanto predisposto nell&#8217; Accordo Stato Regioni del 21 dicembre 2011.[\/vc_toggle][vc_toggle title=&#8221;Quali voci di costo sono rimborsate?&#8221; el_id=&#8221;1546600575000-90aaece9-a599&#8243;]I progetti formativi consentono di recuperare ogni costo accessorio relativo alla formazione. Oltre a tutti i costi di docenza, progettazione, coordinamento e rendicontazione, un\u2019azienda potr\u00e0 ad esempio ammortizzare le spese di trasferta e vitto dei partecipanti, spese generali di gestione del piano, ecc.[\/vc_toggle][vc_toggle title=&#8221;Posso utilizzare personale interno come docenti, tutor, ecc.?&#8221; el_id=&#8221;1546600573938-1935168b-b64e&#8221;]Si \u00e8 possibile. I fondi interprofessionali consentono di utilizzare le risorse umane interne come docenti, coordinatori, attivit\u00e0 di segreteria e rendicontazione, ma anche come tutor per periodi di affiancamento per apprendisti o altro personale. Il requisito richiesto \u00e8 che le risorse umane interne posseggano esperienza e competenze documentate per lo svolgimento di tali attivit\u00e0. Il fondo prevede un rimborso per i lavoratori interni impiegati nel piano formativo pari al costo orario lordo aziendale del lavoratore X ore in cui \u00e8 stato impiegato nel progetto.[\/vc_toggle][vc_toggle title=&#8221;\u00c8 possibile formare i dirigenti?&#8221; el_id=&#8221;1546600719111-10b3c46f-3bca&#8221;]Si, anche i dirigenti versano lo 0.30% quindi rientrano tra le categorie che possono beneficiare della formazione, se pur con alcune differenze. Un dirigente versa circa 75 \u20ac all&#8217;anno, i contributi seguono una linea separata e vengono accantonati dai fondi paritetici con una \u201ccassa\u201d separata. I maggiori Fondi Interprofessionali, Fon.Ar. Com e Fon.Coop. in primis, prevedono la possibilit\u00e0 di aderire sia con i lavoratori subordinati (apprendisti, operai, impiegati e quadri) che con i dirigenti. Esistono infine alcuni fondi interprofessionali specifici per dirigenti (Fon.Dir, Fondirigenti, Fondo Dirigenti PMI).[\/vc_toggle][\/vc_column_inner][\/vc_row_inner][vc_row_inner][vc_column_inner width=&#8221;1\/2&#8243;][vc_column_text]<\/p>\n<h1 style=\"text-align: center;\">I vantaggi dei Fondi interprofessionali:<\/h1>\n<p style=\"text-align: center;\"><a href=\"https:\/\/www.networkgtc.it\/wp-content\/uploads\/2019\/01\/Fondi-interprofessionali-generico.pdf\"><img loading=\"lazy\" decoding=\"async\" src=\"https:\/\/www.networkgtc.it\/wp-content\/uploads\/2022\/05\/pdficon.png\" alt=\"\" class=\"alignnone size-full wp-image-31708\" width=\"80\" height=\"80\" srcset=\"https:\/\/www.networkgtc.it\/wp-content\/uploads\/2022\/05\/pdficon.png 120w, https:\/\/www.networkgtc.it\/wp-content\/uploads\/2022\/05\/pdficon-100x100.png 100w, https:\/\/www.networkgtc.it\/wp-content\/uploads\/2022\/05\/pdficon-81x81.png 81w, https:\/\/www.networkgtc.it\/wp-content\/uploads\/2022\/05\/pdficon-50x50.png 50w\" sizes=\"auto, (max-width: 80px) 100vw, 80px\" \/><\/a><\/p>\n<p style=\"text-align: center;\">Scarica PDF<\/p>\n<p>[\/vc_column_text][\/vc_column][\/vc_row]<\/p>\n<\/div>","protected":false},"excerpt":{"rendered":"<p>[vc_row][vc_column][vc_column_text]Diamo uno sguardo ad uno strumento fondamentale e spesso trascurato dalle aziende, Fondi che possono essere utilizzati da tutte le aziende, di tutti i settori, per finanziare le attivit\u00e0 di formazione continua dei propri dipendenti. &nbsp; [vc_row_inner][vc_column_inner width=&#8221;1\/3&#8243;][vc_toggle title=&#8221;Cosa sono i Fondi Paritetici Interprofessionali? Quanti e quali sono?&#8221; el_id=&#8221;1546596915777-38a421f4-5323&#8243;]I Fondi Paritetici Interprofessionali sono organismi costituiti [&hellip;]<\/p>\n","protected":false},"author":573,"featured_media":0,"parent":0,"menu_order":0,"comment_status":"closed","ping_status":"closed","template":"","meta":{"_monsterinsights_skip_tracking":false,"_monsterinsights_sitenote_active":false,"_monsterinsights_sitenote_note":"","_monsterinsights_sitenote_category":0,"footnotes":""},"class_list":["post-31700","page","type-page","status-publish","hentry"],"translation":{"provider":"WPGlobus","version":"3.0.2","language":"en","enabled_languages":["it","en"],"languages":{"it":{"title":true,"content":true,"excerpt":false},"en":{"title":false,"content":false,"excerpt":false}}},"yoast_head":"<!-- This site is optimized with the Yoast SEO plugin v24.3 - https:\/\/yoast.com\/wordpress\/plugins\/seo\/ -->\n<title>Fondi Paritetici Interprofessionali &#8211; Network GTC<\/title>\n<meta name=\"robots\" content=\"index, follow, max-snippet:-1, max-image-preview:large, max-video-preview:-1\" \/>\n<link rel=\"canonical\" href=\"https:\/\/www.networkgtc.it\/fondi-paritetici-interprofessionali\/\" \/>\n<meta property=\"og:locale\" content=\"en_US\" \/>\n<meta property=\"og:type\" content=\"article\" \/>\n<meta property=\"og:title\" content=\"Fondi Paritetici Interprofessionali &#8211; Network GTC\" \/>\n<meta property=\"og:url\" content=\"https:\/\/www.networkgtc.it\/fondi-paritetici-interprofessionali\/\" \/>\n<meta property=\"og:site_name\" content=\"Network GTC\" \/>\n<meta property=\"article:publisher\" content=\"https:\/\/www.facebook.com\/NetworkGTC\/\" \/>\n<meta property=\"article:modified_time\" content=\"2025-09-01T15:14:31+00:00\" \/>\n<meta property=\"og:image\" content=\"https:\/\/www.networkgtc.it\/wp-content\/uploads\/2022\/05\/pdficon.png\" \/>\n\t<meta property=\"og:image:width\" content=\"120\" \/>\n\t<meta property=\"og:image:height\" content=\"120\" \/>\n\t<meta property=\"og:image:type\" content=\"image\/png\" \/>\n<meta name=\"twitter:card\" content=\"summary_large_image\" \/>\n<meta name=\"twitter:site\" content=\"@NetworkGTC1\" \/>\n<meta name=\"twitter:label1\" content=\"Est. reading time\" \/>\n\t<meta name=\"twitter:data1\" content=\"14 minutes\" \/>\n<script type=\"application\/ld+json\" class=\"yoast-schema-graph\">{\"@context\":\"https:\/\/schema.org\",\"@graph\":[{\"@type\":\"WebPage\",\"@id\":\"https:\/\/www.networkgtc.it\/fondi-paritetici-interprofessionali\/\",\"url\":\"https:\/\/www.networkgtc.it\/fondi-paritetici-interprofessionali\/\",\"name\":\"Fondi Paritetici Interprofessionali &#8211; Network GTC\",\"isPartOf\":{\"@id\":\"https:\/\/www.networkgtc.it\/#website\"},\"primaryImageOfPage\":{\"@id\":\"https:\/\/www.networkgtc.it\/fondi-paritetici-interprofessionali\/#primaryimage\"},\"image\":{\"@id\":\"https:\/\/www.networkgtc.it\/fondi-paritetici-interprofessionali\/#primaryimage\"},\"thumbnailUrl\":\"https:\/\/www.networkgtc.it\/wp-content\/uploads\/2022\/05\/pdficon.png\",\"datePublished\":\"2022-05-20T13:10:56+00:00\",\"dateModified\":\"2025-09-01T15:14:31+00:00\",\"breadcrumb\":{\"@id\":\"https:\/\/www.networkgtc.it\/fondi-paritetici-interprofessionali\/#breadcrumb\"},\"inLanguage\":\"en-US\",\"potentialAction\":[{\"@type\":\"ReadAction\",\"target\":[\"https:\/\/www.networkgtc.it\/fondi-paritetici-interprofessionali\/\"]}]},{\"@type\":\"ImageObject\",\"inLanguage\":\"en-US\",\"@id\":\"https:\/\/www.networkgtc.it\/fondi-paritetici-interprofessionali\/#primaryimage\",\"url\":\"https:\/\/www.networkgtc.it\/wp-content\/uploads\/2022\/05\/pdficon.png\",\"contentUrl\":\"https:\/\/www.networkgtc.it\/wp-content\/uploads\/2022\/05\/pdficon.png\"},{\"@type\":\"BreadcrumbList\",\"@id\":\"https:\/\/www.networkgtc.it\/fondi-paritetici-interprofessionali\/#breadcrumb\",\"itemListElement\":[{\"@type\":\"ListItem\",\"position\":1,\"name\":\"Home\",\"item\":\"https:\/\/www.networkgtc.it\/\"},{\"@type\":\"ListItem\",\"position\":2,\"name\":\"Fondi Paritetici Interprofessionali\"}]},{\"@type\":\"WebSite\",\"@id\":\"https:\/\/www.networkgtc.it\/#website\",\"url\":\"https:\/\/www.networkgtc.it\/\",\"name\":\"Network GTC\",\"description\":\"La Prima Rete Europea di Alta Professionalit\u00e0\",\"publisher\":{\"@id\":\"https:\/\/www.networkgtc.it\/#organization\"},\"potentialAction\":[{\"@type\":\"SearchAction\",\"target\":{\"@type\":\"EntryPoint\",\"urlTemplate\":\"https:\/\/www.networkgtc.it\/?s={search_term_string}\"},\"query-input\":{\"@type\":\"PropertyValueSpecification\",\"valueRequired\":true,\"valueName\":\"search_term_string\"}}],\"inLanguage\":\"en-US\"},{\"@type\":\"Organization\",\"@id\":\"https:\/\/www.networkgtc.it\/#organization\",\"name\":\"Network GTC\",\"url\":\"https:\/\/www.networkgtc.it\/\",\"logo\":{\"@type\":\"ImageObject\",\"inLanguage\":\"en-US\",\"@id\":\"https:\/\/www.networkgtc.it\/#\/schema\/logo\/image\/\",\"url\":\"https:\/\/www.networkgtc.it\/wp-content\/uploads\/2021\/01\/logogtc.jpg\",\"contentUrl\":\"https:\/\/www.networkgtc.it\/wp-content\/uploads\/2021\/01\/logogtc.jpg\",\"width\":601,\"height\":188,\"caption\":\"Network GTC\"},\"image\":{\"@id\":\"https:\/\/www.networkgtc.it\/#\/schema\/logo\/image\/\"},\"sameAs\":[\"https:\/\/www.facebook.com\/NetworkGTC\/\",\"https:\/\/x.com\/NetworkGTC1\",\"https:\/\/www.instagram.com\/formazionecampana\/\",\"https:\/\/www.linkedin.com\/in\/network-gtc-9ba8057b\/\",\"https:\/\/www.youtube.com\/channel\/UC12C5tC9WFzDS79bpUCxmVw\"]}]}<\/script>\n<!-- \/ Yoast SEO plugin. -->","yoast_head_json":{"title":"Fondi Paritetici Interprofessionali &#8211; Network GTC","robots":{"index":"index","follow":"follow","max-snippet":"max-snippet:-1","max-image-preview":"max-image-preview:large","max-video-preview":"max-video-preview:-1"},"canonical":"https:\/\/www.networkgtc.it\/fondi-paritetici-interprofessionali\/","og_locale":"en_US","og_type":"article","og_title":"Fondi Paritetici Interprofessionali &#8211; Network GTC","og_url":"https:\/\/www.networkgtc.it\/fondi-paritetici-interprofessionali\/","og_site_name":"Network GTC","article_publisher":"https:\/\/www.facebook.com\/NetworkGTC\/","article_modified_time":"2025-09-01T15:14:31+00:00","og_image":[{"width":120,"height":120,"url":"https:\/\/www.networkgtc.it\/wp-content\/uploads\/2022\/05\/pdficon.png","type":"image\/png"}],"twitter_card":"summary_large_image","twitter_site":"@NetworkGTC1","twitter_misc":{"Est. reading time":"14 minutes"},"schema":{"@context":"https:\/\/schema.org","@graph":[{"@type":"WebPage","@id":"https:\/\/www.networkgtc.it\/fondi-paritetici-interprofessionali\/","url":"https:\/\/www.networkgtc.it\/fondi-paritetici-interprofessionali\/","name":"Fondi Paritetici Interprofessionali &#8211; Network GTC","isPartOf":{"@id":"https:\/\/www.networkgtc.it\/#website"},"primaryImageOfPage":{"@id":"https:\/\/www.networkgtc.it\/fondi-paritetici-interprofessionali\/#primaryimage"},"image":{"@id":"https:\/\/www.networkgtc.it\/fondi-paritetici-interprofessionali\/#primaryimage"},"thumbnailUrl":"https:\/\/www.networkgtc.it\/wp-content\/uploads\/2022\/05\/pdficon.png","datePublished":"2022-05-20T13:10:56+00:00","dateModified":"2025-09-01T15:14:31+00:00","breadcrumb":{"@id":"https:\/\/www.networkgtc.it\/fondi-paritetici-interprofessionali\/#breadcrumb"},"inLanguage":"en-US","potentialAction":[{"@type":"ReadAction","target":["https:\/\/www.networkgtc.it\/fondi-paritetici-interprofessionali\/"]}]},{"@type":"ImageObject","inLanguage":"en-US","@id":"https:\/\/www.networkgtc.it\/fondi-paritetici-interprofessionali\/#primaryimage","url":"https:\/\/www.networkgtc.it\/wp-content\/uploads\/2022\/05\/pdficon.png","contentUrl":"https:\/\/www.networkgtc.it\/wp-content\/uploads\/2022\/05\/pdficon.png"},{"@type":"BreadcrumbList","@id":"https:\/\/www.networkgtc.it\/fondi-paritetici-interprofessionali\/#breadcrumb","itemListElement":[{"@type":"ListItem","position":1,"name":"Home","item":"https:\/\/www.networkgtc.it\/"},{"@type":"ListItem","position":2,"name":"Fondi Paritetici Interprofessionali"}]},{"@type":"WebSite","@id":"https:\/\/www.networkgtc.it\/#website","url":"https:\/\/www.networkgtc.it\/","name":"Network GTC","description":"La Prima Rete Europea di Alta Professionalit\u00e0","publisher":{"@id":"https:\/\/www.networkgtc.it\/#organization"},"potentialAction":[{"@type":"SearchAction","target":{"@type":"EntryPoint","urlTemplate":"https:\/\/www.networkgtc.it\/?s={search_term_string}"},"query-input":{"@type":"PropertyValueSpecification","valueRequired":true,"valueName":"search_term_string"}}],"inLanguage":"en-US"},{"@type":"Organization","@id":"https:\/\/www.networkgtc.it\/#organization","name":"Network GTC","url":"https:\/\/www.networkgtc.it\/","logo":{"@type":"ImageObject","inLanguage":"en-US","@id":"https:\/\/www.networkgtc.it\/#\/schema\/logo\/image\/","url":"https:\/\/www.networkgtc.it\/wp-content\/uploads\/2021\/01\/logogtc.jpg","contentUrl":"https:\/\/www.networkgtc.it\/wp-content\/uploads\/2021\/01\/logogtc.jpg","width":601,"height":188,"caption":"Network GTC"},"image":{"@id":"https:\/\/www.networkgtc.it\/#\/schema\/logo\/image\/"},"sameAs":["https:\/\/www.facebook.com\/NetworkGTC\/","https:\/\/x.com\/NetworkGTC1","https:\/\/www.instagram.com\/formazionecampana\/","https:\/\/www.linkedin.com\/in\/network-gtc-9ba8057b\/","https:\/\/www.youtube.com\/channel\/UC12C5tC9WFzDS79bpUCxmVw"]}]}},"_links":{"self":[{"href":"https:\/\/www.networkgtc.it\/en\/wp-json\/wp\/v2\/pages\/31700","targetHints":{"allow":["GET"]}}],"collection":[{"href":"https:\/\/www.networkgtc.it\/en\/wp-json\/wp\/v2\/pages"}],"about":[{"href":"https:\/\/www.networkgtc.it\/en\/wp-json\/wp\/v2\/types\/page"}],"author":[{"embeddable":true,"href":"https:\/\/www.networkgtc.it\/en\/wp-json\/wp\/v2\/users\/573"}],"replies":[{"embeddable":true,"href":"https:\/\/www.networkgtc.it\/en\/wp-json\/wp\/v2\/comments?post=31700"}],"version-history":[{"count":2,"href":"https:\/\/www.networkgtc.it\/en\/wp-json\/wp\/v2\/pages\/31700\/revisions"}],"predecessor-version":[{"id":48091,"href":"https:\/\/www.networkgtc.it\/en\/wp-json\/wp\/v2\/pages\/31700\/revisions\/48091"}],"wp:attachment":[{"href":"https:\/\/www.networkgtc.it\/en\/wp-json\/wp\/v2\/media?parent=31700"}],"curies":[{"name":"wp","href":"https:\/\/api.w.org\/{rel}","templated":true}]}}