


{"id":31265,"date":"2022-05-10T09:26:51","date_gmt":"2022-05-10T07:26:51","guid":{"rendered":"https:\/\/www.networkgtc.it\/?page_id=31265"},"modified":"2022-05-10T09:28:47","modified_gmt":"2022-05-10T07:28:47","slug":"ledwall-4-0","status":"publish","type":"page","link":"https:\/\/www.networkgtc.it\/en\/ledwall-4-0\/","title":{"rendered":"Ledwall 4.0"},"content":{"rendered":"<div class=\"wpb-content-wrapper\"><p>[vc_row css=&#8221;.vc_custom_1651826194655{background-color: #ffffff !important;}&#8221;][vc_column][vc_empty_space][vc_gallery type=&#8221;image_grid&#8221; images=&#8221;31304&#8243; img_size=&#8221;full&#8221; onclick=&#8221;&#8221;][\/vc_column][\/vc_row][vc_row css=&#8221;.vc_custom_1651831250075{padding-top: 20px !important;padding-right: 0px !important;padding-bottom: 0px !important;padding-left: 0px !important;background-color: #ffffff !important;}&#8221;][vc_column width=&#8221;1\/2&#8243;][vc_column_text css=&#8221;.vc_custom_1651834359431{margin-left: 30px !important;}&#8221;]<\/p>\n<h1 style=\"text-align: center;\"><span style=\"font-family: 'arial black', sans-serif; font-size: 36pt;\">Ledwall 4.0, uno sguardo sul futuro<\/span><\/h1>\n<p>[\/vc_column_text][vc_column_text css=&#8221;.vc_custom_1651847864290{padding-left: 30px !important;}&#8221;]<\/p>\n<p class=\"main_subtitle\"><span style=\"font-family: arial, helvetica, sans-serif;\">Interattivit\u00e0 e multimedialit\u00e0 sono le protagoniste della nuova rivoluzione industriale.<\/span><\/p>\n<p><span style=\"font-family: arial, helvetica, sans-serif;\">Il <strong>Led Wall 4.0 <\/strong>\u00e8 un sistema innovativo che, con i suoi contenuti multimediali dinamici e accattivanti, ha un indice di attrazione notevolmente superiore rispetto a qualsiasi altra tipologia di comunicazione.<\/span><\/p>\n<p><span style=\"font-family: arial, helvetica, sans-serif;\">\u00c8 dotato di un <span style=\"font-family: 'arial black', sans-serif; font-size: 14pt;\"><strong>Software<\/strong> <\/span>che ti permette di gestire e mostrare <span style=\"font-family: 'arial black', sans-serif;\"><strong>in tempo reale<\/strong> <\/span>tutti i dati che desideri, in maniera automatizzata, semplice e veloce, importando i dati direttamente dal tuo sistema gestionale aziendale.<\/span><\/p>\n<h3><span style=\"font-family: 'arial black', sans-serif; font-size: 24pt;\">Approfitta delle Agevolazioni Fiscali<\/span><\/h3>\n<h3><span style=\"font-family: 'arial black', sans-serif; font-size: 24pt;\"><span style=\"color: #ff0000;\">Piano Nazionale Transizione 4.0<\/span><\/span><\/h3>\n<p><span style=\"font-family: arial, helvetica, sans-serif;\">Con la Legge di Bilancio 2021 sono stati predisposti degli incentivi destinati agli investimenti in beni materiali e immateriali. I bonus possono essere impiegati per il rafforzamento delle aziende negli ambiti di ricerca, sviluppo, formazione e innovazione tecnologica.<\/span><\/p>\n<p><span style=\"font-family: arial, helvetica, sans-serif;\">A tutte le imprese che effettuano investimenti in beni strumentali nuovi destinati a strutture produttive<\/span><br \/>\n<span style=\"font-family: arial, helvetica, sans-serif;\">ubicate nel territorio dello Stato \u00e8 riconosciuto un <span style=\"font-family: 'arial black', sans-serif;\"><strong>CREDITO D\u2019IMPOSTA<\/strong><\/span> fino al:<\/span><\/p>\n<ul>\n<li><span style=\"font-family: arial, helvetica, sans-serif;\"><span style=\"font-size: 18pt; color: #ff0000; font-family: 'arial black', sans-serif;\"><strong>40%<\/strong><\/span> per l&#8217;acquisto di <span style=\"font-family: 'arial black', sans-serif;\"><strong>Attrezzature 4.0<\/strong><\/span> per investimenti fino a 2,5 milioni di euro.<\/span><\/li>\n<li><span style=\"font-family: arial, helvetica, sans-serif;\"><span style=\"font-size: 18pt; color: #ff0000; font-family: 'arial black', sans-serif;\"><strong>20%<\/strong> <\/span>del costo nel limite massimo dei costi ammissibili pari a 1 milione di euro, per l\u2019acquisto<\/span><br \/>\n<span style=\"font-family: arial, helvetica, sans-serif;\">di<span style=\"font-family: 'arial black', sans-serif;\"> <strong>Sistemi Software 4.0<\/strong><\/span>.<\/span><\/li>\n<\/ul>\n<p><span style=\"font-family: arial, helvetica, sans-serif;\">Le Imprese ubicate nel Mezzogiorno e nelle Zone Economiche Speciali (<em><strong>Campania &#8211; Puglia &#8211; Basilicata &#8211; Calabria &#8211; Sicilia &#8211; Molise &#8211; Sardegna &#8211; Abruzzo<\/strong><\/em>) potranno accedere ad un ulteriore <span style=\"font-family: 'arial black', sans-serif;\"><strong>CREDITO D\u2019 IMPOSTA<\/strong><\/span> fino al <span style=\"color: #ff0000; font-family: 'arial black', sans-serif; font-size: 18pt;\">45%<\/span>.<\/span>[\/vc_column_text][\/vc_column][vc_column width=&#8221;1\/2&#8243;][vc_gallery type=&#8221;image_grid&#8221; images=&#8221;31296&#8243; img_size=&#8221;800&#215;800&#8243; css=&#8221;.vc_custom_1651844872781{padding-left: 30px !important;}&#8221;][\/vc_column][\/vc_row][vc_row][vc_column][vc_column_text css=&#8221;.vc_custom_1651837813954{padding-left: 0px !important;}&#8221;]<\/p>\n<h2 style=\"text-align: center;\"><span style=\"font-size: 24pt; font-family: 'arial black', sans-serif;\">Acquista il tuo Ledwall 4.0 con Sistema Software integrato e<\/span><\/h2>\n<h2 style=\"text-align: center;\"><span style=\"font-size: 24pt; font-family: 'arial black', sans-serif;\"> ottieni il massimo dell&#8217;Agevolazione!<\/span><\/h2>\n<p>[\/vc_column_text][\/vc_column][\/vc_row][vc_row css=&#8221;.vc_custom_1651832428536{padding-top: 40px !important;padding-right: 0px !important;padding-bottom: 40px !important;padding-left: 0px !important;background-color: #e8e8e8 !important;}&#8221;][vc_column width=&#8221;1\/2&#8243;][vc_gallery type=&#8221;image_grid&#8221; images=&#8221;31294&#8243; img_size=&#8221;full&#8221;][\/vc_column][vc_column width=&#8221;1\/2&#8243;][vc_column_text]<\/p>\n<h2 style=\"text-align: center;\"><span style=\"font-family: 'arial black', sans-serif; font-size: 36pt;\">Tecnologia ed Innovazione<\/span><\/h2>\n<h3 style=\"text-align: center;\"><span style=\"font-family: 'arial black', sans-serif;\">L&#8217;integrazione con il Software<\/span><\/h3>\n<p>[\/vc_column_text][vc_column_text css=&#8221;.vc_custom_1651847386432{padding-right: 30px !important;}&#8221;]<\/p>\n<p style=\"text-align: right;\"><span style=\"font-family: arial, helvetica, sans-serif;\">La nostra alta specializzazione nei processi di <strong>system integration<\/strong> ci rende i partner ideali per lo sviluppo di soluzioni per l\u2019Industria 4.0. Possiamo progettare e realizzare soluzioni per qualsiasi tipologia di Attivit\u00e0: dalle microimprese alle grandi industrie.\u00a0<\/span><\/p>\n<p style=\"text-align: right;\"><span style=\"font-family: arial, helvetica, sans-serif;\">Le nostre soluzioni riducono gli sprechi, ottimizzano i processi e favoriscono interventi tempestivi e sono gestiti totalmente in cloud.\u00a0<\/span><\/p>\n<p style=\"text-align: right;\"><span style=\"font-family: arial, helvetica, sans-serif;\">Grazie al nostro software integrato con un semplice click potrai mostrare in tempo reale:<\/span><\/p>\n<p style=\"text-align: right;\"><span style=\"font-family: 'arial black', sans-serif;\">&#8211; <strong>Promozioni;<\/strong><\/span><\/p>\n<p style=\"text-align: right;\"><span style=\"font-family: 'arial black', sans-serif;\"><strong>&#8211; Prodotti;<\/strong><\/span><\/p>\n<p style=\"text-align: right;\"><span style=\"font-family: 'arial black', sans-serif;\"><strong>&#8211; Classifiche ad istogrammi;<\/strong><\/span><\/p>\n<p style=\"text-align: right;\"><span style=\"font-family: 'arial black', sans-serif;\"><strong>&#8211; News in tempo reale;<\/strong><\/span><\/p>\n<p style=\"text-align: right;\"><span style=\"font-family: 'arial black', sans-serif;\"><strong>&#8211; Interazione con l&#8217;utente;<\/strong><\/span><\/p>\n<p style=\"text-align: right;\"><span style=\"font-family: 'arial black', sans-serif;\"><strong>&#8211; Dati personalizzati.<\/strong><\/span><\/p>\n<p style=\"text-align: right;\"><span style=\"font-family: arial, helvetica, sans-serif;\">Ma non \u00e8 tutto, uno dei degli aspetti pi\u00f9 <strong>innovativi<\/strong> di questo progetto \u00e8 la presenza di una <span style=\"font-family: 'arial black', sans-serif;\">Webcam<\/span> installata nella parte alta del Ledwall, si potr\u00e0 svolgere tutta la <span style=\"font-family: 'arial black', sans-serif;\">Formazione Aziendale a Distanza<\/span>, senza la necessit\u00e0 di altri strumenti aggiuntivi.<\/span><\/p>\n<p>[\/vc_column_text][\/vc_column][\/vc_row][vc_row css=&#8221;.vc_custom_1651831296271{padding-top: 60px !important;padding-right: 0px !important;padding-bottom: 60px !important;padding-left: 0px !important;background-color: #ffffff !important;}&#8221;][vc_column width=&#8221;1\/2&#8243;][vc_column_text]<\/p>\n<h2 style=\"text-align: center;\"><span style=\"font-family: arial black, sans-serif;\"><span style=\"font-size: 48px;\">Soluzioni Personalizzate<\/span><\/span><\/h2>\n<p>[\/vc_column_text][vc_column_text css=&#8221;.vc_custom_1651843502938{padding-left: 30px !important;}&#8221;]<span style=\"font-family: arial, helvetica, sans-serif;\">Grazie alla nostra esperienza trentennale abbiamo imparato a conoscere le piccole, media e grande aziende, aiutando alcune di queste a crescere.<\/span><\/p>\n<p><span style=\"font-family: arial, helvetica, sans-serif;\">Sappiamo, ad esempio, quanto sia importante adeguare il software ai processi aziendali in base alle esigenze aziendali e conosciamo l&#8217;importanza di ottenere un risultato ottimale mantenendo un costo adeguato.\u00a0<\/span><\/p>\n<p><span style=\"font-family: arial, helvetica, sans-serif;\">E&#8217; per questo che offriamo a tutti i nostri Clienti la possibilit\u00e0 di <span style=\"font-size: 14pt; font-family: 'arial black', sans-serif;\">Personalizzare <\/span>e di scegliere un prodotto su misura,\u00a0<span style=\"font-family: arial, helvetica, sans-serif;\"><b>perch\u00e9<\/b><\/span><b> ogni realt\u00e0 \u00e8 unica, cos\u00ec come sono uniche le sue dinamiche, le sue problematiche, le sue esigenze, le sue criticit\u00e0.<\/b><\/span><\/p>\n<p><span style=\"font-family: arial, helvetica, sans-serif;\">Il nostro reparto software pu\u00f2 analizzare e sviluppare\u00a0<strong>soluzioni<\/strong>\u00a0su\u00a0<strong>specifiche<\/strong>\u00a0particolari del cliente.<\/span><\/p>\n<p><span style=\"font-family: arial, helvetica, sans-serif;\">Partendo da un&#8217;accurata\u00a0<strong>consulenza<\/strong>\u00a0iniziale in cui vengono individuate le principali\u00a0<strong>problematiche\u00a0<\/strong>\u00a0e trovate\u00a0<strong>soluzioni<\/strong>, per poi passare attraverso la\u00a0<strong>progettazione<\/strong>\u00a0alla fase pi\u00f9 operativa, quella dello\u00a0<strong>sviluppo.<\/strong><\/span>[\/vc_column_text][\/vc_column][vc_column width=&#8221;1\/2&#8243; css=&#8221;.vc_custom_1651834962500{margin-left: 50px !important;}&#8221;][vc_gallery type=&#8221;image_grid&#8221; images=&#8221;31336&#8243; img_size=&#8221;full&#8221; css=&#8221;.vc_custom_1651835108024{margin-left: 50px !important;}&#8221; el_id=&#8221;personalizzate&#8221; el_class=&#8221;personalizzate&#8221;][\/vc_column][\/vc_row][vc_row css=&#8221;.vc_custom_1651832373308{padding-top: 40px !important;padding-right: 0px !important;padding-bottom: 40px !important;padding-left: 0px !important;background-color: #e8e8e8 !important;}&#8221;][vc_column width=&#8221;1\/2&#8243;][vc_gallery type=&#8221;image_grid&#8221; images=&#8221;31327&#8243; img_size=&#8221;full&#8221; css=&#8221;.vc_custom_1651832541521{margin-left: 20px !important;}&#8221;][\/vc_column][vc_column width=&#8221;1\/2&#8243;][vc_column_text]<\/p>\n<h1 style=\"text-align: center;\"><span style=\"font-family: 'arial black', sans-serif; font-size: 36pt;\">Il Software per la Gestione Aziendale<\/span><\/h1>\n<p>[\/vc_column_text][vc_column_text css=&#8221;.vc_custom_1651843681529{padding-right: 30px !important;}&#8221;]<\/p>\n<p style=\"text-align: right;\"><span style=\"font-family: arial, helvetica, sans-serif;\">Hai bisogno di un <span style=\"font-family: 'arial black', sans-serif; font-size: 14pt;\">Sistema Software Cloud<\/span> che gestisca i tuoi processi aziendali e che interagisca direttamente con il <strong>Ledwall 4.0<\/strong>?\u00a0<\/span><\/p>\n<h3 style=\"text-align: center;\"><em><span style=\"font-family: arial, helvetica, sans-serif;\"><strong>Noi abbiamo la soluzione che fai per te!\u00a0<\/strong><\/span><\/em><\/h3>\n<p style=\"text-align: right;\"><span style=\"font-family: arial, helvetica, sans-serif;\">Il Software <span style=\"font-size: 18pt; font-family: 'arial black', sans-serif; color: #ff0000;\">S.G.A.<\/span>, <em>Sistema Gestionale Aziendale,<\/em> \u00e8 un sistema web modulare che soddisfare tutte le vostre esigenze di business in un&#8217;unica soluzione: dalla gestione delle risorse umane, alla gestione dei cicli attivi e passivi di vendita, gestione degli incassi e pagamenti, fino al controllo di gestione, consentendo al Manager una visione rapida dell\u2019andamento dell\u2019azienda.<\/span><\/p>\n<p>[\/vc_column_text][\/vc_column][\/vc_row][vc_row css=&#8221;.vc_custom_1651826768967{padding-top: 60px !important;padding-right: 0px !important;padding-bottom: 60px !important;padding-left: 0px !important;background-color: #ffffff !important;}&#8221;][vc_column css=&#8221;.vc_custom_1651827807874{margin-right: 0px !important;margin-left: 0px !important;padding-right: 20px !important;padding-left: 20px !important;}&#8221;][vc_column_text]<\/p>\n<h2 style=\"text-align: center;\"><span style=\"font-family: 'arial black', sans-serif; font-size: 24pt;\">Sfrutta il massimo della Tecnologia grazie agli Incentivi <span style=\"color: #ff0000;\">Industria 4.0<\/span><\/span><\/h2>\n<h3 style=\"text-align: center;\"><span style=\"color: #333333;\"><em><span style=\"font-family: 'arial black', sans-serif;\">Richiedi subito una Consulenza gratuita<\/span><\/em><\/span><\/h3>\n<p>[\/vc_column_text][\/vc_column][\/vc_row][vc_row css=&#8221;.vc_custom_1651832041527{margin-top: -50px !important;margin-bottom: 20px !important;}&#8221;][vc_column width=&#8221;1\/2&#8243;][vc_btn title=&#8221;Richiedi informazioni&#8221; style=&#8221;custom&#8221; custom_background=&#8221;#094775&#8243; custom_text=&#8221;#ffffff&#8221; size=&#8221;sm&#8221; align=&#8221;center&#8221; link=&#8221;url:https%3A%2F%2Fwww.networkgtc.it%2Frichiesta-informazioni-ledwall%2F|target:_blank&#8221;][\/vc_column][vc_column width=&#8221;1\/2&#8243;][vc_btn title=&#8221;Richiedi preventivo&#8221; style=&#8221;custom&#8221; custom_background=&#8221;#094775&#8243; custom_text=&#8221;#ffffff&#8221; size=&#8221;sm&#8221; align=&#8221;center&#8221; link=&#8221;url:https%3A%2F%2Fwww.networkgtc.it%2Fpreventivo-ledwall%2F|target:_blank&#8221;][\/vc_column][\/vc_row]<\/p>\n<\/div>","protected":false},"excerpt":{"rendered":"<p>[vc_row css=&#8221;.vc_custom_1651826194655{background-color: #ffffff !important;}&#8221;][vc_column][vc_empty_space][vc_gallery type=&#8221;image_grid&#8221; images=&#8221;31304&#8243; img_size=&#8221;full&#8221; onclick=&#8221;&#8221;][\/vc_column][\/vc_row][vc_row css=&#8221;.vc_custom_1651831250075{padding-top: 20px !important;padding-right: 0px !important;padding-bottom: 0px !important;padding-left: 0px !important;background-color: #ffffff !important;}&#8221;][vc_column width=&#8221;1\/2&#8243;][vc_column_text css=&#8221;.vc_custom_1651834359431{margin-left: 30px !important;}&#8221;] Ledwall 4.0, uno sguardo sul futuro [\/vc_column_text][vc_column_text css=&#8221;.vc_custom_1651847864290{padding-left: 30px !important;}&#8221;] Interattivit\u00e0 e multimedialit\u00e0 sono le protagoniste della nuova rivoluzione industriale. Il Led Wall 4.0 \u00e8 un sistema innovativo che, con i suoi [&hellip;]<\/p>\n","protected":false},"author":573,"featured_media":0,"parent":0,"menu_order":0,"comment_status":"closed","ping_status":"closed","template":"homepage-template.php","meta":{"_monsterinsights_skip_tracking":false,"_monsterinsights_sitenote_active":false,"_monsterinsights_sitenote_note":"","_monsterinsights_sitenote_category":0,"footnotes":""},"class_list":["post-31265","page","type-page","status-publish","hentry"],"translation":{"provider":"WPGlobus","version":"3.0.2","language":"en","enabled_languages":["it","en"],"languages":{"it":{"title":true,"content":true,"excerpt":false},"en":{"title":false,"content":false,"excerpt":false}}},"yoast_head":"<!-- This site is optimized with the Yoast SEO plugin v24.3 - https:\/\/yoast.com\/wordpress\/plugins\/seo\/ -->\n<title>Ledwall 4.0 &#8211; Network GTC<\/title>\n<meta name=\"robots\" content=\"index, follow, max-snippet:-1, max-image-preview:large, max-video-preview:-1\" \/>\n<link rel=\"canonical\" href=\"https:\/\/www.networkgtc.it\/ledwall-4-0\/\" \/>\n<meta property=\"og:locale\" content=\"en_US\" \/>\n<meta property=\"og:type\" content=\"article\" \/>\n<meta property=\"og:title\" content=\"Ledwall 4.0 &#8211; Network GTC\" \/>\n<meta property=\"og:url\" content=\"https:\/\/www.networkgtc.it\/ledwall-4-0\/\" \/>\n<meta property=\"og:site_name\" content=\"Network GTC\" \/>\n<meta property=\"article:publisher\" content=\"https:\/\/www.facebook.com\/NetworkGTC\/\" \/>\n<meta property=\"article:modified_time\" content=\"2022-05-10T07:28:47+00:00\" \/>\n<meta property=\"og:image\" content=\"https:\/\/www.networkgtc.it\/wp-content\/uploads\/2021\/01\/logogtc.jpg\" \/>\n\t<meta property=\"og:image:width\" content=\"601\" \/>\n\t<meta property=\"og:image:height\" content=\"188\" \/>\n\t<meta property=\"og:image:type\" content=\"image\/jpeg\" \/>\n<meta name=\"twitter:card\" content=\"summary_large_image\" \/>\n<meta name=\"twitter:site\" content=\"@NetworkGTC1\" \/>\n<meta name=\"twitter:label1\" content=\"Est. reading time\" \/>\n\t<meta name=\"twitter:data1\" content=\"4 minutes\" \/>\n<script type=\"application\/ld+json\" class=\"yoast-schema-graph\">{\"@context\":\"https:\/\/schema.org\",\"@graph\":[{\"@type\":\"WebPage\",\"@id\":\"https:\/\/www.networkgtc.it\/ledwall-4-0\/\",\"url\":\"https:\/\/www.networkgtc.it\/ledwall-4-0\/\",\"name\":\"Ledwall 4.0 &#8211; Network GTC\",\"isPartOf\":{\"@id\":\"https:\/\/www.networkgtc.it\/#website\"},\"datePublished\":\"2022-05-10T07:26:51+00:00\",\"dateModified\":\"2022-05-10T07:28:47+00:00\",\"breadcrumb\":{\"@id\":\"https:\/\/www.networkgtc.it\/ledwall-4-0\/#breadcrumb\"},\"inLanguage\":\"en-US\",\"potentialAction\":[{\"@type\":\"ReadAction\",\"target\":[\"https:\/\/www.networkgtc.it\/ledwall-4-0\/\"]}]},{\"@type\":\"BreadcrumbList\",\"@id\":\"https:\/\/www.networkgtc.it\/ledwall-4-0\/#breadcrumb\",\"itemListElement\":[{\"@type\":\"ListItem\",\"position\":1,\"name\":\"Home\",\"item\":\"https:\/\/www.networkgtc.it\/\"},{\"@type\":\"ListItem\",\"position\":2,\"name\":\"Ledwall 4.0\"}]},{\"@type\":\"WebSite\",\"@id\":\"https:\/\/www.networkgtc.it\/#website\",\"url\":\"https:\/\/www.networkgtc.it\/\",\"name\":\"Network GTC\",\"description\":\"La Prima Rete Europea di Alta Professionalit\u00e0\",\"publisher\":{\"@id\":\"https:\/\/www.networkgtc.it\/#organization\"},\"potentialAction\":[{\"@type\":\"SearchAction\",\"target\":{\"@type\":\"EntryPoint\",\"urlTemplate\":\"https:\/\/www.networkgtc.it\/?s={search_term_string}\"},\"query-input\":{\"@type\":\"PropertyValueSpecification\",\"valueRequired\":true,\"valueName\":\"search_term_string\"}}],\"inLanguage\":\"en-US\"},{\"@type\":\"Organization\",\"@id\":\"https:\/\/www.networkgtc.it\/#organization\",\"name\":\"Network GTC\",\"url\":\"https:\/\/www.networkgtc.it\/\",\"logo\":{\"@type\":\"ImageObject\",\"inLanguage\":\"en-US\",\"@id\":\"https:\/\/www.networkgtc.it\/#\/schema\/logo\/image\/\",\"url\":\"https:\/\/www.networkgtc.it\/wp-content\/uploads\/2021\/01\/logogtc.jpg\",\"contentUrl\":\"https:\/\/www.networkgtc.it\/wp-content\/uploads\/2021\/01\/logogtc.jpg\",\"width\":601,\"height\":188,\"caption\":\"Network GTC\"},\"image\":{\"@id\":\"https:\/\/www.networkgtc.it\/#\/schema\/logo\/image\/\"},\"sameAs\":[\"https:\/\/www.facebook.com\/NetworkGTC\/\",\"https:\/\/x.com\/NetworkGTC1\",\"https:\/\/www.instagram.com\/formazionecampana\/\",\"https:\/\/www.linkedin.com\/in\/network-gtc-9ba8057b\/\",\"https:\/\/www.youtube.com\/channel\/UC12C5tC9WFzDS79bpUCxmVw\"]}]}<\/script>\n<!-- \/ Yoast SEO plugin. -->","yoast_head_json":{"title":"Ledwall 4.0 &#8211; Network GTC","robots":{"index":"index","follow":"follow","max-snippet":"max-snippet:-1","max-image-preview":"max-image-preview:large","max-video-preview":"max-video-preview:-1"},"canonical":"https:\/\/www.networkgtc.it\/ledwall-4-0\/","og_locale":"en_US","og_type":"article","og_title":"Ledwall 4.0 &#8211; Network GTC","og_url":"https:\/\/www.networkgtc.it\/ledwall-4-0\/","og_site_name":"Network GTC","article_publisher":"https:\/\/www.facebook.com\/NetworkGTC\/","article_modified_time":"2022-05-10T07:28:47+00:00","og_image":[{"width":601,"height":188,"url":"https:\/\/www.networkgtc.it\/wp-content\/uploads\/2021\/01\/logogtc.jpg","type":"image\/jpeg"}],"twitter_card":"summary_large_image","twitter_site":"@NetworkGTC1","twitter_misc":{"Est. reading time":"4 minutes"},"schema":{"@context":"https:\/\/schema.org","@graph":[{"@type":"WebPage","@id":"https:\/\/www.networkgtc.it\/ledwall-4-0\/","url":"https:\/\/www.networkgtc.it\/ledwall-4-0\/","name":"Ledwall 4.0 &#8211; Network GTC","isPartOf":{"@id":"https:\/\/www.networkgtc.it\/#website"},"datePublished":"2022-05-10T07:26:51+00:00","dateModified":"2022-05-10T07:28:47+00:00","breadcrumb":{"@id":"https:\/\/www.networkgtc.it\/ledwall-4-0\/#breadcrumb"},"inLanguage":"en-US","potentialAction":[{"@type":"ReadAction","target":["https:\/\/www.networkgtc.it\/ledwall-4-0\/"]}]},{"@type":"BreadcrumbList","@id":"https:\/\/www.networkgtc.it\/ledwall-4-0\/#breadcrumb","itemListElement":[{"@type":"ListItem","position":1,"name":"Home","item":"https:\/\/www.networkgtc.it\/"},{"@type":"ListItem","position":2,"name":"Ledwall 4.0"}]},{"@type":"WebSite","@id":"https:\/\/www.networkgtc.it\/#website","url":"https:\/\/www.networkgtc.it\/","name":"Network GTC","description":"La Prima Rete Europea di Alta Professionalit\u00e0","publisher":{"@id":"https:\/\/www.networkgtc.it\/#organization"},"potentialAction":[{"@type":"SearchAction","target":{"@type":"EntryPoint","urlTemplate":"https:\/\/www.networkgtc.it\/?s={search_term_string}"},"query-input":{"@type":"PropertyValueSpecification","valueRequired":true,"valueName":"search_term_string"}}],"inLanguage":"en-US"},{"@type":"Organization","@id":"https:\/\/www.networkgtc.it\/#organization","name":"Network GTC","url":"https:\/\/www.networkgtc.it\/","logo":{"@type":"ImageObject","inLanguage":"en-US","@id":"https:\/\/www.networkgtc.it\/#\/schema\/logo\/image\/","url":"https:\/\/www.networkgtc.it\/wp-content\/uploads\/2021\/01\/logogtc.jpg","contentUrl":"https:\/\/www.networkgtc.it\/wp-content\/uploads\/2021\/01\/logogtc.jpg","width":601,"height":188,"caption":"Network GTC"},"image":{"@id":"https:\/\/www.networkgtc.it\/#\/schema\/logo\/image\/"},"sameAs":["https:\/\/www.facebook.com\/NetworkGTC\/","https:\/\/x.com\/NetworkGTC1","https:\/\/www.instagram.com\/formazionecampana\/","https:\/\/www.linkedin.com\/in\/network-gtc-9ba8057b\/","https:\/\/www.youtube.com\/channel\/UC12C5tC9WFzDS79bpUCxmVw"]}]}},"_links":{"self":[{"href":"https:\/\/www.networkgtc.it\/en\/wp-json\/wp\/v2\/pages\/31265","targetHints":{"allow":["GET"]}}],"collection":[{"href":"https:\/\/www.networkgtc.it\/en\/wp-json\/wp\/v2\/pages"}],"about":[{"href":"https:\/\/www.networkgtc.it\/en\/wp-json\/wp\/v2\/types\/page"}],"author":[{"embeddable":true,"href":"https:\/\/www.networkgtc.it\/en\/wp-json\/wp\/v2\/users\/573"}],"replies":[{"embeddable":true,"href":"https:\/\/www.networkgtc.it\/en\/wp-json\/wp\/v2\/comments?post=31265"}],"version-history":[{"count":0,"href":"https:\/\/www.networkgtc.it\/en\/wp-json\/wp\/v2\/pages\/31265\/revisions"}],"wp:attachment":[{"href":"https:\/\/www.networkgtc.it\/en\/wp-json\/wp\/v2\/media?parent=31265"}],"curies":[{"name":"wp","href":"https:\/\/api.w.org\/{rel}","templated":true}]}}