


{"id":20288,"date":"2020-02-12T17:52:26","date_gmt":"2020-02-12T16:52:26","guid":{"rendered":"https:\/\/www.networkgtc.it\/?page_id=20288"},"modified":"2021-02-09T15:30:00","modified_gmt":"2021-02-09T14:30:00","slug":"master-annuale-di-primo-livello-ecm10","status":"publish","type":"page","link":"https:\/\/www.networkgtc.it\/en\/master-annuale-di-primo-livello-ecm10\/","title":{"rendered":"MASTER ANNUALE DI PRIMO LIVELLO ECM10"},"content":{"rendered":"<div class=\"wpb-content-wrapper\"><p>[vc_row][vc_column][vc_column_text]<\/p>\n<h3 style=\"text-align: center;\">MASTER ANNUALE DI PRIMO LIVELLO<\/h3>\n<h2 style=\"text-align: center;\">PEDAGOGIA DELLA CAPACITAZIONE: POLICY INTEGRATE PER UNA SCUOLA CHE PROMUOVE LA SALUTE<br \/>\nPRIMA EDIZIONE<br \/>\na.a. 2019 -2020<\/h2>\n<h3 style=\"text-align: center;\"><span style=\"color: #ff0000;\">ECM10<\/span><\/h3>\n<p>[\/vc_column_text][\/vc_column][\/vc_row][vc_row][vc_column][vc_column_text]<\/p>\n<h3><strong>Presentazione:<\/strong><\/h3>\n<p>1. L\u2019Universit\u00e0 Telematica e-Campus, ai sensi del D.M. n\u00b0 270\/2004, ed Orienta Campus attivano per l\u2019anno accademico 2019\/2020 il Master Universitario sopra indicato.<\/p>\n<p>2. Titoli di ammissione &#8211; Possono iscriversi i cittadini italiani e stranieri che siano in possesso di uno dei seguenti titoli:<\/p>\n<ul>\n<li>Diploma di laurea quadriennale (vecchio ordinamento);<\/li>\n<li>Diploma di laurea triennale e\/o laurea specialistica \/magistrale secondo il DM 509\/99 e successivo;<\/li>\n<li>Diploma delle Accademie delle Belle Arti, dei Conservatori e dell\u2019ISEF.<\/li>\n<li>Titoli equipollenti ai precedenti conseguiti all\u2019estero, preventivamente riconosciuto dalle autorit\u00e0 accademiche.<\/li>\n<\/ul>\n<p>&nbsp;<\/p>\n<p>3. L\u2019art. 142 del T.U. 1592\/33 vieta la contemporanea iscrizione a pi\u00f9 corsi di studio universitari; pertanto non \u00e8 possibile iscriversi contemporaneamente a pi\u00f9 Master Universitari (anche di altre Universit\u00e0) o ad una Scuola di Specializzazione, Dottorato di ricerca, Corso di Laurea o Laurea Specialistica.<\/p>\n<p>4. Progetto formativo &#8211; Il master prevede un impegno complessivo di 1.500 ore per un totale di 60 CFU.<\/p>\n<p>5. Prova finale &#8211; \u00c8 prevista una prova di verifica finale mediante la somministrazione di un test a risposte multiple sulle discipline del Master e la dissertazione di una tesi su una o pi\u00f9 discipline del Master.<\/p>\n<p>6. Sede prova finale \u2013 La prova si svolger\u00e0 in presenza presso le sedi dell\u2019Ateneo e quelle di Orienta Campus attivate sul territorio nazionale.<\/p>\n<p>7. Conseguimento del Titolo: al termine del percorso formativo, sostenuta la prova finale, in caso di esito positivo, al candidato sar\u00e0 rilasciato il titolo di Diploma di Master Universitario di I Livello, avente valore legale, in \u201cPEDAGOGIA DELLA CAPACITAZIONE: POLICY INTEGRATE PER UNA SCUOLA CHE PROMUOVE LA SALUTE\u201d<\/p>\n<p>8. Per quanto non qui indicato valgono le disposizioni legislative e regolamentari in materia di Master Universitari.<\/p>\n<p>&nbsp;<\/p>\n<h3><strong>Finalit\u00e0:<\/strong><\/h3>\n<p>Esiste una correlazione tra rendimento scolastico e prevenzione della salute? Certamente s\u00ec, semprech\u00e9 la prevenzione della salute non venga trattata con un approccio tematico, bens\u00ec globale. La costruzione di un sistema integrato tra istruzione e sanit\u00e0 \u00e8 indispensabile se riteniamo l\u2019apprendimento un processo attraverso il quale costruire un modello che, superando la semplicistica visione economicistica (PIL) di produzione di capitale umano, genera una visione multidimensionale di benessere. Un sistema ed un\u2019idea di individuo e visione di societ\u00e0 che nel capability approach di Sen e di Nussbaum trova i fondamenti teorici per la definizione di una pedagogia della capacitazione da cui attingere competenze strategiche per la costruzione, attiva, di uno stato di compiutezza esistenziale.<\/p>\n<p>Il Master \u00e8 spendibile per l&#8217;aggiornamento delle graduatorie d&#8217;insegnamento secondo la normativa vigente. <strong>Gli insegnamenti presenti nell\u2019ordinamento didattico del master, inoltre, possono essere valorizzati anche per<\/strong><br \/>\n<strong>colmare eventuali crediti formativi richiesti per l\u2019accesso alla classe di concorso A-15<\/strong><\/p>\n<p>&nbsp;<\/p>\n<h3><strong>Contenuti generali<br \/>\n<\/strong><\/h3>\n<p>L\u2019impianto contenutistico del master, punta a restituire una visione globale delle politiche di prevenzione e promozione della salute affinch\u00e9 si attivino azioni integrate di benessere e di promozione della salute come precondizione per l\u2019apprendimento in una prospettiva di cittadinanza attiva.<\/p>\n<p>&nbsp;<\/p>\n<h3><strong>Le tematiche<br \/>\n<\/strong><\/h3>\n<p>Le relazioni all\u2019interno della comunit\u00e0 scolastica;<br \/>\nPrevenzione delle malattie e assistenza sanitaria a scuola;<br \/>\nEducazione alla salute;<br \/>\nCapability approach, empowerment e participation;<br \/>\nLa promozione della salute a scuola nel quadro normativo italiano;<br \/>\nAmbiente di apprendimento e benessere;<br \/>\nPTOF e politiche di sviluppo per la salute: il piano delle azioni e risorse umane;<br \/>\nLa rete School for Health of Europe (SHE Network)<br \/>\nLa Dichiarazione di Jakarta: life skills, lifestyle e prevenzione;<br \/>\nEquit\u00e0, educazione e salute;<br \/>\nHealth Promoting School (HPS);<br \/>\nPedagogia delle capacitazioni ed approccio globale di promozione della salute;<br \/>\nResponsabilit\u00e0 sociale per la salute;<br \/>\nIl capitale umano come benessere multidimensionale;<br \/>\nLa salute secondo l\u2019OMS;<br \/>\nLa Carta di Ottawa e politiche pubbliche per la salute;<br \/>\nAnalisi delle aree di rischio sanitario;<br \/>\nConferenza Stato-Regioni 2019 ed il modello integrato italiano.<\/p>\n<p>&nbsp;<\/p>\n<h3><strong>Modalit\u00e0 di erogazione della didattica<\/strong><\/h3>\n<p>Il Master \u00e8 erogato in <strong>modalit\u00e0 on-line<\/strong> attraverso l\u2019utilizzo della \u201cPiattaforma e-learning\u201d di Orienta Campus che, oltre a mettere a disposizione la propria piattaforma e-Learning, svolge l\u2019attivit\u00e0 di orientamento e di supporto tutoriale.[\/vc_column_text][\/vc_column][\/vc_row][vc_row][vc_column][vc_column_text]<\/p>\n<h3>Richiedi informazioni<\/h3>\n<div class=\"wpcf7 no-js\" id=\"wpcf7-f19502-o1\" lang=\"it-IT\" dir=\"ltr\" data-wpcf7-id=\"19502\">\n<div class=\"screen-reader-response\"><p role=\"status\" aria-live=\"polite\" aria-atomic=\"true\"><\/p> <ul><\/ul><\/div>\n<form action=\"\/en\/wp-json\/wp\/v2\/pages\/20288#wpcf7-f19502-o1\" method=\"post\" class=\"wpcf7-form init\" aria-label=\"Modulo di contatto\" novalidate=\"novalidate\" data-status=\"init\">\n<fieldset class=\"hidden-fields-container\"><input type=\"hidden\" name=\"_wpcf7\" value=\"19502\" \/><input type=\"hidden\" name=\"_wpcf7_version\" value=\"6.1.5\" \/><input type=\"hidden\" name=\"_wpcf7_locale\" value=\"it_IT\" \/><input type=\"hidden\" name=\"_wpcf7_unit_tag\" value=\"wpcf7-f19502-o1\" \/><input type=\"hidden\" name=\"_wpcf7_container_post\" value=\"0\" \/><input type=\"hidden\" name=\"_wpcf7_posted_data_hash\" value=\"\" \/>\n<\/fieldset>\n<link rel=\"stylesheet\" href=\"https:\/\/www.networkgtc.it\/wp-content\/plugins\/pdf-forms-for-contact-form-7\/css\/frontend.css\" \/><script type=\"text\/javascript\" src=\"https:\/\/www.networkgtc.it\/wp-content\/plugins\/pdf-forms-for-contact-form-7\/js\/frontend.js?ver=2.2.6\"><\/script><div class=\"col-md-6\" style=\"font-size:16px; color: #343436; text-align:left\">\n\t<p><label style=\"font-size:16px;\"> Il tuo nome (richiesto)<\/label>\n\t<\/p>\n\t<p><span class=\"wpcf7-form-control-wrap\" data-name=\"nome\"><input size=\"40\" maxlength=\"400\" class=\"wpcf7-form-control wpcf7-text wpcf7-validates-as-required\" aria-required=\"true\" aria-invalid=\"false\" value=\"\" type=\"text\" name=\"nome\" \/><\/span>\n\t<\/p>\n\t<p><label style=\"font-size:16px;\">Il tuo cognome (richiesto)<\/label>\n\t<\/p>\n\t<p><span class=\"wpcf7-form-control-wrap\" data-name=\"cognome\"><input size=\"40\" maxlength=\"400\" class=\"wpcf7-form-control wpcf7-text wpcf7-validates-as-required\" aria-required=\"true\" aria-invalid=\"false\" value=\"\" type=\"text\" name=\"cognome\" \/><\/span>\n\t<\/p>\n\t<p><label style=\"font-size:16px;\">La tua email (richiesto)<\/label>\n\t<\/p>\n\t<p><span class=\"wpcf7-form-control-wrap\" data-name=\"email\"><input size=\"40\" maxlength=\"400\" class=\"wpcf7-form-control wpcf7-email wpcf7-validates-as-required wpcf7-text wpcf7-validates-as-email\" aria-required=\"true\" aria-invalid=\"false\" value=\"\" type=\"email\" name=\"email\" \/><\/span>\n\t<\/p>\n\t<p><label style=\"font-size:16px;\">Telefono<\/label>\n\t<\/p>\n\t<p><span class=\"wpcf7-form-control-wrap\" data-name=\"fisso\"><input size=\"40\" maxlength=\"400\" class=\"wpcf7-form-control wpcf7-tel wpcf7-text wpcf7-validates-as-tel\" aria-invalid=\"false\" value=\"\" type=\"tel\" name=\"fisso\" \/><\/span>\n\t<\/p>\n\t<p><label style=\"font-size:16px;\">Cellulare (richiesto)<\/label>\n\t<\/p>\n\t<p><span class=\"wpcf7-form-control-wrap\" data-name=\"cellulare\"><input size=\"40\" maxlength=\"400\" class=\"wpcf7-form-control wpcf7-tel wpcf7-validates-as-required wpcf7-text wpcf7-validates-as-tel\" aria-required=\"true\" aria-invalid=\"false\" value=\"\" type=\"tel\" name=\"cellulare\" \/><\/span>\n\t<\/p>\n\t<p><label style=\"font-size:16px;\">Azienda <\/label>\n\t<\/p>\n\t<p><span class=\"wpcf7-form-control-wrap\" data-name=\"azienda\"><input size=\"40\" maxlength=\"400\" class=\"wpcf7-form-control wpcf7-text\" aria-invalid=\"false\" value=\"\" type=\"text\" name=\"azienda\" \/><\/span>\n\t<\/p>\n<\/div>\n<div class=\"col-md-6\" style=\"font-size:16px; color: #343436; font-weight: 600;\">\n\t<p><label style=\"font-size:16px;\">Oggetto (richiesto)<\/label>\n\t<\/p>\n\t<p><span class=\"wpcf7-form-control-wrap\" data-name=\"oggetto\"><input size=\"40\" maxlength=\"400\" class=\"wpcf7-form-control wpcf7-text wpcf7-validates-as-required\" aria-required=\"true\" aria-invalid=\"false\" value=\"\" type=\"text\" name=\"oggetto\" \/><\/span>\n\t<\/p>\n\t<p><label style=\"font-size:16px;\">Il tuo messaggio <\/label>\n\t<\/p>\n\t<p><span class=\"wpcf7-form-control-wrap\" data-name=\"your-message\"><textarea cols=\"40\" rows=\"10\" maxlength=\"2000\" class=\"wpcf7-form-control wpcf7-textarea\" aria-invalid=\"false\" name=\"your-message\"><\/textarea><\/span>\n\t<\/p>\n\t<p>Autorizzo al trattamento dati personali, in riferimento agli articoli 13\/14 del GDPR 679\/16, secondo le modalit\u00e0 e nei limiti di cui all\u2019informativa allegata. <span class=\"wpcf7-form-control-wrap\" data-name=\"acceptance-383\"><span class=\"wpcf7-form-control wpcf7-acceptance\"><span class=\"wpcf7-list-item\"><input type=\"checkbox\" name=\"acceptance-383\" value=\"1\" aria-invalid=\"false\" \/><\/span><\/span><\/span>\n\t<\/p>\n\t<div class=\"col-sm-6 p0 commenterInfoInputs\">\n\t<\/div>\n\t<div id=\"cf7sr-69eb96542cc80\" class=\"cf7sr-g-recaptcha\" data-theme=\"light\" data-type=\"image\" data-size=\"normal\" data-sitekey=\"6LcfBy4UAAAAAMdIHRjzH5Vm0rAL_qXJL_COIHZ4\"><\/div><span class=\"wpcf7-form-control-wrap cf7sr-recaptcha\" data-name=\"cf7sr-recaptcha\"><input type=\"hidden\" name=\"cf7sr-recaptcha\" value=\"\" class=\"wpcf7-form-control\"><\/span>\n\t<\/p>\n\t<p><label style=\"font-size:16px; width:300px;\"><input class=\"wpcf7-form-control wpcf7-submit has-spinner\" type=\"submit\" value=\"Invia\" \/><\/label>\n\t<\/p>\n<\/div><div class=\"wpcf7-response-output\" aria-hidden=\"true\"><\/div>\n<\/form>\n<\/div>\n[\/vc_column_text][\/vc_column][\/vc_row]<\/p>\n<\/div>","protected":false},"excerpt":{"rendered":"<p>[vc_row][vc_column][vc_column_text] MASTER ANNUALE DI PRIMO LIVELLO PEDAGOGIA DELLA CAPACITAZIONE: POLICY INTEGRATE PER UNA SCUOLA CHE PROMUOVE LA SALUTE PRIMA EDIZIONE a.a. 2019 -2020 ECM10 [\/vc_column_text][\/vc_column][\/vc_row][vc_row][vc_column][vc_column_text] Presentazione: 1. L\u2019Universit\u00e0 Telematica e-Campus, ai sensi del D.M. n\u00b0 270\/2004, ed Orienta Campus attivano per l\u2019anno accademico 2019\/2020 il Master Universitario sopra indicato. 2. Titoli di ammissione &#8211; Possono [&hellip;]<\/p>\n","protected":false},"author":573,"featured_media":0,"parent":0,"menu_order":0,"comment_status":"closed","ping_status":"closed","template":"","meta":{"_monsterinsights_skip_tracking":false,"_monsterinsights_sitenote_active":false,"_monsterinsights_sitenote_note":"","_monsterinsights_sitenote_category":0,"footnotes":""},"class_list":["post-20288","page","type-page","status-publish","hentry"],"translation":{"provider":"WPGlobus","version":"3.0.2","language":"en","enabled_languages":["it","en"],"languages":{"it":{"title":true,"content":true,"excerpt":false},"en":{"title":false,"content":false,"excerpt":false}}},"yoast_head":"<!-- This site is optimized with the Yoast SEO plugin v24.3 - https:\/\/yoast.com\/wordpress\/plugins\/seo\/ -->\n<title>MASTER ANNUALE DI PRIMO LIVELLO ECM10 &#8211; Network GTC<\/title>\n<meta name=\"robots\" content=\"index, follow, max-snippet:-1, max-image-preview:large, max-video-preview:-1\" \/>\n<link rel=\"canonical\" href=\"https:\/\/www.networkgtc.it\/master-annuale-di-primo-livello-ecm10\/\" \/>\n<meta property=\"og:locale\" content=\"en_US\" \/>\n<meta property=\"og:type\" content=\"article\" \/>\n<meta property=\"og:title\" content=\"MASTER ANNUALE DI PRIMO LIVELLO ECM10 &#8211; Network GTC\" \/>\n<meta property=\"og:url\" content=\"https:\/\/www.networkgtc.it\/master-annuale-di-primo-livello-ecm10\/\" \/>\n<meta property=\"og:site_name\" content=\"Network GTC\" \/>\n<meta property=\"article:publisher\" content=\"https:\/\/www.facebook.com\/NetworkGTC\/\" \/>\n<meta property=\"article:modified_time\" content=\"2021-02-09T14:30:00+00:00\" \/>\n<meta property=\"og:image\" content=\"https:\/\/www.networkgtc.it\/wp-content\/uploads\/2021\/01\/logogtc.jpg\" \/>\n\t<meta property=\"og:image:width\" content=\"601\" \/>\n\t<meta property=\"og:image:height\" content=\"188\" \/>\n\t<meta property=\"og:image:type\" content=\"image\/jpeg\" \/>\n<meta name=\"twitter:card\" content=\"summary_large_image\" \/>\n<meta name=\"twitter:site\" content=\"@NetworkGTC1\" \/>\n<meta name=\"twitter:label1\" content=\"Est. reading time\" \/>\n\t<meta name=\"twitter:data1\" content=\"4 minutes\" \/>\n<script type=\"application\/ld+json\" class=\"yoast-schema-graph\">{\"@context\":\"https:\/\/schema.org\",\"@graph\":[{\"@type\":\"WebPage\",\"@id\":\"https:\/\/www.networkgtc.it\/master-annuale-di-primo-livello-ecm10\/\",\"url\":\"https:\/\/www.networkgtc.it\/master-annuale-di-primo-livello-ecm10\/\",\"name\":\"MASTER ANNUALE DI PRIMO LIVELLO ECM10 &#8211; Network GTC\",\"isPartOf\":{\"@id\":\"https:\/\/www.networkgtc.it\/#website\"},\"datePublished\":\"2020-02-12T16:52:26+00:00\",\"dateModified\":\"2021-02-09T14:30:00+00:00\",\"description\":\"MASTER AREA CONCORSUALE SCUOLAMAlS- MA46- ECMlO- ECM12 \u2013 MA21 \u2013 MA24- MAllI Master Area Concorsuale, oltre al rilascio del Diploma di Master Universitario annuale, che consente un maggiore punteggio in sede di concorsi, permettono di acquisire i Crediti Formativi necessari per l\u2019accesso alla classe d\u2019insegnamento inerente.\",\"breadcrumb\":{\"@id\":\"https:\/\/www.networkgtc.it\/master-annuale-di-primo-livello-ecm10\/#breadcrumb\"},\"inLanguage\":\"en-US\",\"potentialAction\":[{\"@type\":\"ReadAction\",\"target\":[\"https:\/\/www.networkgtc.it\/master-annuale-di-primo-livello-ecm10\/\"]}]},{\"@type\":\"BreadcrumbList\",\"@id\":\"https:\/\/www.networkgtc.it\/master-annuale-di-primo-livello-ecm10\/#breadcrumb\",\"itemListElement\":[{\"@type\":\"ListItem\",\"position\":1,\"name\":\"Home\",\"item\":\"https:\/\/www.networkgtc.it\/\"},{\"@type\":\"ListItem\",\"position\":2,\"name\":\"MASTER ANNUALE DI PRIMO LIVELLO ECM10\"}]},{\"@type\":\"WebSite\",\"@id\":\"https:\/\/www.networkgtc.it\/#website\",\"url\":\"https:\/\/www.networkgtc.it\/\",\"name\":\"Network GTC\",\"description\":\"La Prima Rete Europea di Alta Professionalit\u00e0\",\"publisher\":{\"@id\":\"https:\/\/www.networkgtc.it\/#organization\"},\"potentialAction\":[{\"@type\":\"SearchAction\",\"target\":{\"@type\":\"EntryPoint\",\"urlTemplate\":\"https:\/\/www.networkgtc.it\/?s={search_term_string}\"},\"query-input\":{\"@type\":\"PropertyValueSpecification\",\"valueRequired\":true,\"valueName\":\"search_term_string\"}}],\"inLanguage\":\"en-US\"},{\"@type\":\"Organization\",\"@id\":\"https:\/\/www.networkgtc.it\/#organization\",\"name\":\"Network GTC\",\"url\":\"https:\/\/www.networkgtc.it\/\",\"logo\":{\"@type\":\"ImageObject\",\"inLanguage\":\"en-US\",\"@id\":\"https:\/\/www.networkgtc.it\/#\/schema\/logo\/image\/\",\"url\":\"https:\/\/www.networkgtc.it\/wp-content\/uploads\/2021\/01\/logogtc.jpg\",\"contentUrl\":\"https:\/\/www.networkgtc.it\/wp-content\/uploads\/2021\/01\/logogtc.jpg\",\"width\":601,\"height\":188,\"caption\":\"Network GTC\"},\"image\":{\"@id\":\"https:\/\/www.networkgtc.it\/#\/schema\/logo\/image\/\"},\"sameAs\":[\"https:\/\/www.facebook.com\/NetworkGTC\/\",\"https:\/\/x.com\/NetworkGTC1\",\"https:\/\/www.instagram.com\/formazionecampana\/\",\"https:\/\/www.linkedin.com\/in\/network-gtc-9ba8057b\/\",\"https:\/\/www.youtube.com\/channel\/UC12C5tC9WFzDS79bpUCxmVw\"]}]}<\/script>\n<!-- \/ Yoast SEO plugin. -->","yoast_head_json":{"title":"MASTER ANNUALE DI PRIMO LIVELLO ECM10 &#8211; Network GTC","robots":{"index":"index","follow":"follow","max-snippet":"max-snippet:-1","max-image-preview":"max-image-preview:large","max-video-preview":"max-video-preview:-1"},"canonical":"https:\/\/www.networkgtc.it\/master-annuale-di-primo-livello-ecm10\/","og_locale":"en_US","og_type":"article","og_title":"MASTER ANNUALE DI PRIMO LIVELLO ECM10 &#8211; Network GTC","og_url":"https:\/\/www.networkgtc.it\/master-annuale-di-primo-livello-ecm10\/","og_site_name":"Network GTC","article_publisher":"https:\/\/www.facebook.com\/NetworkGTC\/","article_modified_time":"2021-02-09T14:30:00+00:00","og_image":[{"width":601,"height":188,"url":"https:\/\/www.networkgtc.it\/wp-content\/uploads\/2021\/01\/logogtc.jpg","type":"image\/jpeg"}],"twitter_card":"summary_large_image","twitter_site":"@NetworkGTC1","twitter_misc":{"Est. reading time":"4 minutes"},"schema":{"@context":"https:\/\/schema.org","@graph":[{"@type":"WebPage","@id":"https:\/\/www.networkgtc.it\/master-annuale-di-primo-livello-ecm10\/","url":"https:\/\/www.networkgtc.it\/master-annuale-di-primo-livello-ecm10\/","name":"MASTER ANNUALE DI PRIMO LIVELLO ECM10 &#8211; Network GTC","isPartOf":{"@id":"https:\/\/www.networkgtc.it\/#website"},"datePublished":"2020-02-12T16:52:26+00:00","dateModified":"2021-02-09T14:30:00+00:00","description":"MASTER AREA CONCORSUALE SCUOLAMAlS- MA46- ECMlO- ECM12 \u2013 MA21 \u2013 MA24- MAllI Master Area Concorsuale, oltre al rilascio del Diploma di Master Universitario annuale, che consente un maggiore punteggio in sede di concorsi, permettono di acquisire i Crediti Formativi necessari per l\u2019accesso alla classe d\u2019insegnamento inerente.","breadcrumb":{"@id":"https:\/\/www.networkgtc.it\/master-annuale-di-primo-livello-ecm10\/#breadcrumb"},"inLanguage":"en-US","potentialAction":[{"@type":"ReadAction","target":["https:\/\/www.networkgtc.it\/master-annuale-di-primo-livello-ecm10\/"]}]},{"@type":"BreadcrumbList","@id":"https:\/\/www.networkgtc.it\/master-annuale-di-primo-livello-ecm10\/#breadcrumb","itemListElement":[{"@type":"ListItem","position":1,"name":"Home","item":"https:\/\/www.networkgtc.it\/"},{"@type":"ListItem","position":2,"name":"MASTER ANNUALE DI PRIMO LIVELLO ECM10"}]},{"@type":"WebSite","@id":"https:\/\/www.networkgtc.it\/#website","url":"https:\/\/www.networkgtc.it\/","name":"Network GTC","description":"La Prima Rete Europea di Alta Professionalit\u00e0","publisher":{"@id":"https:\/\/www.networkgtc.it\/#organization"},"potentialAction":[{"@type":"SearchAction","target":{"@type":"EntryPoint","urlTemplate":"https:\/\/www.networkgtc.it\/?s={search_term_string}"},"query-input":{"@type":"PropertyValueSpecification","valueRequired":true,"valueName":"search_term_string"}}],"inLanguage":"en-US"},{"@type":"Organization","@id":"https:\/\/www.networkgtc.it\/#organization","name":"Network GTC","url":"https:\/\/www.networkgtc.it\/","logo":{"@type":"ImageObject","inLanguage":"en-US","@id":"https:\/\/www.networkgtc.it\/#\/schema\/logo\/image\/","url":"https:\/\/www.networkgtc.it\/wp-content\/uploads\/2021\/01\/logogtc.jpg","contentUrl":"https:\/\/www.networkgtc.it\/wp-content\/uploads\/2021\/01\/logogtc.jpg","width":601,"height":188,"caption":"Network GTC"},"image":{"@id":"https:\/\/www.networkgtc.it\/#\/schema\/logo\/image\/"},"sameAs":["https:\/\/www.facebook.com\/NetworkGTC\/","https:\/\/x.com\/NetworkGTC1","https:\/\/www.instagram.com\/formazionecampana\/","https:\/\/www.linkedin.com\/in\/network-gtc-9ba8057b\/","https:\/\/www.youtube.com\/channel\/UC12C5tC9WFzDS79bpUCxmVw"]}]}},"_links":{"self":[{"href":"https:\/\/www.networkgtc.it\/en\/wp-json\/wp\/v2\/pages\/20288","targetHints":{"allow":["GET"]}}],"collection":[{"href":"https:\/\/www.networkgtc.it\/en\/wp-json\/wp\/v2\/pages"}],"about":[{"href":"https:\/\/www.networkgtc.it\/en\/wp-json\/wp\/v2\/types\/page"}],"author":[{"embeddable":true,"href":"https:\/\/www.networkgtc.it\/en\/wp-json\/wp\/v2\/users\/573"}],"replies":[{"embeddable":true,"href":"https:\/\/www.networkgtc.it\/en\/wp-json\/wp\/v2\/comments?post=20288"}],"version-history":[{"count":0,"href":"https:\/\/www.networkgtc.it\/en\/wp-json\/wp\/v2\/pages\/20288\/revisions"}],"wp:attachment":[{"href":"https:\/\/www.networkgtc.it\/en\/wp-json\/wp\/v2\/media?parent=20288"}],"curies":[{"name":"wp","href":"https:\/\/api.w.org\/{rel}","templated":true}]}}